{"id":282,"date":"2018-02-26T23:11:19","date_gmt":"2018-02-26T23:11:19","guid":{"rendered":"https:\/\/end.pt\/pt\/?post_type=product&#038;p=282"},"modified":"2018-03-02T17:35:14","modified_gmt":"2018-03-02T17:35:14","slug":"kit-tipo-tamanho-medio-ref-a-cat12","status":"publish","type":"product","link":"https:\/\/end.pt\/pt\/product\/kit-tipo-tamanho-medio-ref-a-cat12\/","title":{"rendered":"Kit tipo tamanho M\u00e9dio (REF.\u00aa CAT12)"},"content":{"rendered":"<p>Medidas: 33 x 20,3 x 7,6 (cm).<\/p>\n<p>Inclui:<\/p>\n<ul>\n<li>Escantilh\u00e3o V-WAC (CAT-5)<\/li>\n<li>Escantilh\u00e3o HI-LO (CAT-1)<\/li>\n<li>Escantilh\u00e3o AWS (CAT-6)<\/li>\n<li>Escala Starrett de 6\u201d<\/li>\n<li>Espelho telesc\u00f3pico<\/li>\n<li>Micr\u00f3metro com bola<\/li>\n<li>Lupa<\/li>\n<li>Mala de protec\u00e7\u00e3o robusta<\/li>\n<\/ul>\n","protected":false},"excerpt":{"rendered":"<p>Medidas: 33 x 20,3 x 7,6 (cm). Inclui: Escantilh\u00e3o V-WAC (CAT-5) Escantilh\u00e3o HI-LO (CAT-1) Escantilh\u00e3o AWS (CAT-6) Escala Starrett de 6\u201d Espelho telesc\u00f3pico Micr\u00f3metro com bola Lupa Mala de protec\u00e7\u00e3o robusta<\/p>\n","protected":false},"featured_media":2050,"template":"","meta":{"_mi_skip_tracking":false},"product_cat":[20,24],"product_tag":[],"class_list":["post-282","product","type-product","status-publish","has-post-thumbnail","hentry","product_cat-ensaios-visuais","product_cat-escantilhoes-de-soldadura"],"_links":{"self":[{"href":"https:\/\/end.pt\/pt\/wp-json\/wp\/v3\/product\/282","targetHints":{"allow":["GET"]}}],"collection":[{"href":"https:\/\/end.pt\/pt\/wp-json\/wp\/v3\/product"}],"about":[{"href":"https:\/\/end.pt\/pt\/wp-json\/wp\/v2\/types\/product"}],"version-history":[{"count":0,"href":"https:\/\/end.pt\/pt\/wp-json\/wp\/v3\/product\/282\/revisions"}],"wp:featuredmedia":[{"embeddable":true,"href":"https:\/\/end.pt\/pt\/wp-json\/wp\/v2\/media\/2050"}],"wp:attachment":[{"href":"https:\/\/end.pt\/pt\/wp-json\/wp\/v2\/media?parent=282"}],"wp:term":[{"taxonomy":"product_cat","embeddable":true,"href":"https:\/\/end.pt\/pt\/wp-json\/wp\/v2\/product_cat?post=282"},{"taxonomy":"product_tag","embeddable":true,"href":"https:\/\/end.pt\/pt\/wp-json\/wp\/v2\/product_tag?post=282"}],"curies":[{"name":"wp","href":"https:\/\/api.w.org\/{rel}","templated":true}]}}