{"id":2845,"date":"2019-03-14T18:54:20","date_gmt":"2019-03-14T18:54:20","guid":{"rendered":"https:\/\/end.pt\/pt\/?post_type=product&#038;p=2845"},"modified":"2021-05-02T19:35:44","modified_gmt":"2021-05-02T19:35:44","slug":"caixa-de-transporte-aluminio-alucase-sitex-cpseries","status":"publish","type":"product","link":"https:\/\/end.pt\/pt\/product\/caixa-de-transporte-aluminio-alucase-sitex-cpseries\/","title":{"rendered":"Caixa de Transporte Alum\u00ednio (ALUCASE &#8211; SITEX CPSERIES)"},"content":{"rendered":"<p>A caixa de transporte de alum\u00ednio Alucase \u00e9 uma caixa de transporte para transporte seguro dos geradores ICM CP. Com compartimentos customizados para o gerador, uma unidade de comando, cabo de alimenta\u00e7\u00e3o de 20m, cabo de liga\u00e7\u00e3o de 10m, trip\u00e9 e luz avisadora ac\u00fastica. O peso total da caixa vazia \u00e9 de 22kg (65.5 kg cheia).<\/p>\n","protected":false},"excerpt":{"rendered":"<p>A caixa de transporte de alum\u00ednio Alucase \u00e9 uma caixa de transporte para transporte seguro dos geradores ICM CP. Com compartimentos customizados para o gerador, uma unidade de comando, cabo de alimenta\u00e7\u00e3o de 20m, cabo de liga\u00e7\u00e3o de 10m, trip\u00e9 e luz avisadora ac\u00fastica. O peso total da caixa vazia \u00e9 de 22kg (65.5 kg [&hellip;]<\/p>\n","protected":false},"featured_media":2846,"template":"","meta":{"_mi_skip_tracking":false},"product_cat":[127,38],"product_tag":[],"class_list":["post-2845","product","type-product","status-publish","has-post-thumbnail","hentry","product_cat-acessorios-teledyne-icm-site-x-serie-cp","product_cat-equipamentos-raio-x"],"_links":{"self":[{"href":"https:\/\/end.pt\/pt\/wp-json\/wp\/v3\/product\/2845","targetHints":{"allow":["GET"]}}],"collection":[{"href":"https:\/\/end.pt\/pt\/wp-json\/wp\/v3\/product"}],"about":[{"href":"https:\/\/end.pt\/pt\/wp-json\/wp\/v2\/types\/product"}],"version-history":[{"count":3,"href":"https:\/\/end.pt\/pt\/wp-json\/wp\/v3\/product\/2845\/revisions"}],"predecessor-version":[{"id":5128,"href":"https:\/\/end.pt\/pt\/wp-json\/wp\/v3\/product\/2845\/revisions\/5128"}],"wp:featuredmedia":[{"embeddable":true,"href":"https:\/\/end.pt\/pt\/wp-json\/wp\/v2\/media\/2846"}],"wp:attachment":[{"href":"https:\/\/end.pt\/pt\/wp-json\/wp\/v2\/media?parent=2845"}],"wp:term":[{"taxonomy":"product_cat","embeddable":true,"href":"https:\/\/end.pt\/pt\/wp-json\/wp\/v2\/product_cat?post=2845"},{"taxonomy":"product_tag","embeddable":true,"href":"https:\/\/end.pt\/pt\/wp-json\/wp\/v2\/product_tag?post=2845"}],"curies":[{"name":"wp","href":"https:\/\/api.w.org\/{rel}","templated":true}]}}