{"id":286,"date":"2018-02-26T23:19:46","date_gmt":"2018-02-26T23:19:46","guid":{"rendered":"https:\/\/end.pt\/pt\/?post_type=product&#038;p=286"},"modified":"2021-05-02T22:36:37","modified_gmt":"2021-05-02T22:36:37","slug":"escantilhao-universal-p-soldadura-ref-a-10451","status":"publish","type":"product","link":"https:\/\/end.pt\/pt\/product\/escantilhao-universal-p-soldadura-ref-a-10451\/","title":{"rendered":"Escantilh\u00e3o Universal p\/ Soldadura (REF.\u00aa 10451)"},"content":{"rendered":"<p><span class=\"nome\">TIPO CORD\u00d5ES INOX<br \/>\n<\/span><\/p>\n<p>Modelo de grande qualidade fabricado em a\u00e7o inox. Para verifica\u00e7\u00e3o r\u00e1pida e f\u00e1cil das medidas de soldaduras.<\/p>\n<p>Precis\u00e3o: 0.1 mm<\/p>\n","protected":false},"excerpt":{"rendered":"<p>TIPO CORD\u00d5ES INOX Modelo de grande qualidade fabricado em a\u00e7o inox. Para verifica\u00e7\u00e3o r\u00e1pida e f\u00e1cil das medidas de soldaduras. Precis\u00e3o: 0.1 mm<\/p>\n","protected":false},"featured_media":2046,"template":"","meta":{"_mi_skip_tracking":false},"product_cat":[20,24],"product_tag":[],"class_list":["post-286","product","type-product","status-publish","has-post-thumbnail","hentry","product_cat-ensaios-visuais","product_cat-escantilhoes-de-soldadura"],"_links":{"self":[{"href":"https:\/\/end.pt\/pt\/wp-json\/wp\/v3\/product\/286","targetHints":{"allow":["GET"]}}],"collection":[{"href":"https:\/\/end.pt\/pt\/wp-json\/wp\/v3\/product"}],"about":[{"href":"https:\/\/end.pt\/pt\/wp-json\/wp\/v2\/types\/product"}],"version-history":[{"count":1,"href":"https:\/\/end.pt\/pt\/wp-json\/wp\/v3\/product\/286\/revisions"}],"predecessor-version":[{"id":5338,"href":"https:\/\/end.pt\/pt\/wp-json\/wp\/v3\/product\/286\/revisions\/5338"}],"wp:featuredmedia":[{"embeddable":true,"href":"https:\/\/end.pt\/pt\/wp-json\/wp\/v2\/media\/2046"}],"wp:attachment":[{"href":"https:\/\/end.pt\/pt\/wp-json\/wp\/v2\/media?parent=286"}],"wp:term":[{"taxonomy":"product_cat","embeddable":true,"href":"https:\/\/end.pt\/pt\/wp-json\/wp\/v2\/product_cat?post=286"},{"taxonomy":"product_tag","embeddable":true,"href":"https:\/\/end.pt\/pt\/wp-json\/wp\/v2\/product_tag?post=286"}],"curies":[{"name":"wp","href":"https:\/\/api.w.org\/{rel}","templated":true}]}}