{"id":287,"date":"2018-02-26T23:21:09","date_gmt":"2018-02-26T23:21:09","guid":{"rendered":"https:\/\/end.pt\/pt\/?post_type=product&#038;p=287"},"modified":"2021-05-02T22:35:44","modified_gmt":"2021-05-02T22:35:44","slug":"escantilhao-de-12-pas-p-soldadura-tipo-m-ref-a-10418","status":"publish","type":"product","link":"https:\/\/end.pt\/pt\/product\/escantilhao-de-12-pas-p-soldadura-tipo-m-ref-a-10418\/","title":{"rendered":"Escantilh\u00e3o de 12 p\u00e1s p\/ Soldadura (TIPO M &#8211; REF.\u00aa 10418)"},"content":{"rendered":"<p>Conjunto de escantilh\u00f5es para medi\u00e7\u00f5es em \u00e2ngulo recto. Gama de medidas: 3 \u2013 12 mm.<\/p>\n","protected":false},"excerpt":{"rendered":"<p>Conjunto de escantilh\u00f5es para medi\u00e7\u00f5es em \u00e2ngulo recto. Gama de medidas: 3 \u2013 12 mm.<\/p>\n","protected":false},"featured_media":2045,"template":"","meta":{"_mi_skip_tracking":false},"product_cat":[20,24],"product_tag":[],"class_list":["post-287","product","type-product","status-publish","has-post-thumbnail","hentry","product_cat-ensaios-visuais","product_cat-escantilhoes-de-soldadura"],"_links":{"self":[{"href":"https:\/\/end.pt\/pt\/wp-json\/wp\/v3\/product\/287","targetHints":{"allow":["GET"]}}],"collection":[{"href":"https:\/\/end.pt\/pt\/wp-json\/wp\/v3\/product"}],"about":[{"href":"https:\/\/end.pt\/pt\/wp-json\/wp\/v2\/types\/product"}],"version-history":[{"count":1,"href":"https:\/\/end.pt\/pt\/wp-json\/wp\/v3\/product\/287\/revisions"}],"predecessor-version":[{"id":5337,"href":"https:\/\/end.pt\/pt\/wp-json\/wp\/v3\/product\/287\/revisions\/5337"}],"wp:featuredmedia":[{"embeddable":true,"href":"https:\/\/end.pt\/pt\/wp-json\/wp\/v2\/media\/2045"}],"wp:attachment":[{"href":"https:\/\/end.pt\/pt\/wp-json\/wp\/v2\/media?parent=287"}],"wp:term":[{"taxonomy":"product_cat","embeddable":true,"href":"https:\/\/end.pt\/pt\/wp-json\/wp\/v2\/product_cat?post=287"},{"taxonomy":"product_tag","embeddable":true,"href":"https:\/\/end.pt\/pt\/wp-json\/wp\/v2\/product_tag?post=287"}],"curies":[{"name":"wp","href":"https:\/\/api.w.org\/{rel}","templated":true}]}}