{"id":288,"date":"2018-02-26T23:22:12","date_gmt":"2018-02-26T23:22:12","guid":{"rendered":"https:\/\/end.pt\/pt\/?post_type=product&#038;p=288"},"modified":"2021-05-02T22:35:26","modified_gmt":"2021-05-02T22:35:26","slug":"escantilhao-p-soldadura-tipo-s-ref-a-19419","status":"publish","type":"product","link":"https:\/\/end.pt\/pt\/product\/escantilhao-p-soldadura-tipo-s-ref-a-19419\/","title":{"rendered":"Escantilh\u00e3o p\/ Soldadura (TIPO S &#8211; REF.\u00aa 19419)"},"content":{"rendered":"<p>Escantilh\u00e3o plano fabricado em alum\u00ednio, para medi\u00e7\u00f5es em soldaduras topo a topo e em \u00e2ngulo.<\/p>\n<p>Gama de medidas: 0 \u2013 5 mm (topo a topo) | 2 \u2013 15 mm (\u00e2ngulo).<\/p>\n","protected":false},"excerpt":{"rendered":"<p>Escantilh\u00e3o plano fabricado em alum\u00ednio, para medi\u00e7\u00f5es em soldaduras topo a topo e em \u00e2ngulo. Gama de medidas: 0 \u2013 5 mm (topo a topo) | 2 \u2013 15 mm (\u00e2ngulo).<\/p>\n","protected":false},"featured_media":2044,"template":"","meta":{"_mi_skip_tracking":false},"product_cat":[20,24],"product_tag":[],"class_list":["post-288","product","type-product","status-publish","has-post-thumbnail","hentry","product_cat-ensaios-visuais","product_cat-escantilhoes-de-soldadura"],"_links":{"self":[{"href":"https:\/\/end.pt\/pt\/wp-json\/wp\/v3\/product\/288","targetHints":{"allow":["GET"]}}],"collection":[{"href":"https:\/\/end.pt\/pt\/wp-json\/wp\/v3\/product"}],"about":[{"href":"https:\/\/end.pt\/pt\/wp-json\/wp\/v2\/types\/product"}],"version-history":[{"count":1,"href":"https:\/\/end.pt\/pt\/wp-json\/wp\/v3\/product\/288\/revisions"}],"predecessor-version":[{"id":5336,"href":"https:\/\/end.pt\/pt\/wp-json\/wp\/v3\/product\/288\/revisions\/5336"}],"wp:featuredmedia":[{"embeddable":true,"href":"https:\/\/end.pt\/pt\/wp-json\/wp\/v2\/media\/2044"}],"wp:attachment":[{"href":"https:\/\/end.pt\/pt\/wp-json\/wp\/v2\/media?parent=288"}],"wp:term":[{"taxonomy":"product_cat","embeddable":true,"href":"https:\/\/end.pt\/pt\/wp-json\/wp\/v2\/product_cat?post=288"},{"taxonomy":"product_tag","embeddable":true,"href":"https:\/\/end.pt\/pt\/wp-json\/wp\/v2\/product_tag?post=288"}],"curies":[{"name":"wp","href":"https:\/\/api.w.org\/{rel}","templated":true}]}}