{"id":289,"date":"2018-02-26T23:23:15","date_gmt":"2018-02-26T23:23:15","guid":{"rendered":"https:\/\/end.pt\/pt\/?post_type=product&#038;p=289"},"modified":"2018-03-02T17:26:25","modified_gmt":"2018-03-02T17:26:25","slug":"escantilhao-deslizante-digital-ref-a-10458m","status":"publish","type":"product","link":"https:\/\/end.pt\/pt\/product\/escantilhao-deslizante-digital-ref-a-10458m\/","title":{"rendered":"Escantilh\u00e3o Deslizante Digital (REF.\u00aa 10458M)"},"content":{"rendered":"<p>Escantilh\u00e3o de alta precis\u00e3o, para medi\u00e7\u00f5es interiores, exteriores, em profundidade e em degraus.<\/p>\n<ul>\n<li>Fabricado em a\u00e7o inox.<\/li>\n<li>Mostrador grande.<\/li>\n<li>Com possibilidade de usar mm\/in.<\/li>\n<li>Precis\u00e3o de medi\u00e7\u00e3o de +\/- 0.01 mm.<\/li>\n<\/ul>\n<p>Gama de medidas: 0 \u2013 150 mm.<\/p>\n","protected":false},"excerpt":{"rendered":"<p>Escantilh\u00e3o de alta precis\u00e3o, para medi\u00e7\u00f5es interiores, exteriores, em profundidade e em degraus. Fabricado em a\u00e7o inox. Mostrador grande. Com possibilidade de usar mm\/in. Precis\u00e3o de medi\u00e7\u00e3o de +\/- 0.01 mm. Gama de medidas: 0 \u2013 150 mm.<\/p>\n","protected":false},"featured_media":2043,"template":"","meta":{"_mi_skip_tracking":false},"product_cat":[20,24],"product_tag":[],"class_list":["post-289","product","type-product","status-publish","has-post-thumbnail","hentry","product_cat-ensaios-visuais","product_cat-escantilhoes-de-soldadura"],"_links":{"self":[{"href":"https:\/\/end.pt\/pt\/wp-json\/wp\/v3\/product\/289","targetHints":{"allow":["GET"]}}],"collection":[{"href":"https:\/\/end.pt\/pt\/wp-json\/wp\/v3\/product"}],"about":[{"href":"https:\/\/end.pt\/pt\/wp-json\/wp\/v2\/types\/product"}],"version-history":[{"count":0,"href":"https:\/\/end.pt\/pt\/wp-json\/wp\/v3\/product\/289\/revisions"}],"wp:featuredmedia":[{"embeddable":true,"href":"https:\/\/end.pt\/pt\/wp-json\/wp\/v2\/media\/2043"}],"wp:attachment":[{"href":"https:\/\/end.pt\/pt\/wp-json\/wp\/v2\/media?parent=289"}],"wp:term":[{"taxonomy":"product_cat","embeddable":true,"href":"https:\/\/end.pt\/pt\/wp-json\/wp\/v2\/product_cat?post=289"},{"taxonomy":"product_tag","embeddable":true,"href":"https:\/\/end.pt\/pt\/wp-json\/wp\/v2\/product_tag?post=289"}],"curies":[{"name":"wp","href":"https:\/\/api.w.org\/{rel}","templated":true}]}}