{"id":290,"date":"2018-02-26T23:24:17","date_gmt":"2018-02-26T23:24:17","guid":{"rendered":"https:\/\/end.pt\/pt\/?post_type=product&#038;p=290"},"modified":"2021-05-02T22:34:43","modified_gmt":"2021-05-02T22:34:43","slug":"escantilhao-p-soldadura-ref-a-10452","status":"publish","type":"product","link":"https:\/\/end.pt\/pt\/product\/escantilhao-p-soldadura-ref-a-10452\/","title":{"rendered":"Escantilh\u00e3o p\/ Soldadura (REF.\u00aa 10452)"},"content":{"rendered":"<p>Escantilh\u00e3o para medi\u00e7\u00e3o do desalinhamento em soldaduras circulares e determina\u00e7\u00e3o da sua conformidade com a norma.<\/p>\n<p>Gama de medidas: 0 \u2013 100 mm.<\/p>\n","protected":false},"excerpt":{"rendered":"<p>Escantilh\u00e3o para medi\u00e7\u00e3o do desalinhamento em soldaduras circulares e determina\u00e7\u00e3o da sua conformidade com a norma. Gama de medidas: 0 \u2013 100 mm.<\/p>\n","protected":false},"featured_media":2042,"template":"","meta":{"_mi_skip_tracking":false},"product_cat":[20,24],"product_tag":[],"class_list":["post-290","product","type-product","status-publish","has-post-thumbnail","hentry","product_cat-ensaios-visuais","product_cat-escantilhoes-de-soldadura"],"_links":{"self":[{"href":"https:\/\/end.pt\/pt\/wp-json\/wp\/v3\/product\/290","targetHints":{"allow":["GET"]}}],"collection":[{"href":"https:\/\/end.pt\/pt\/wp-json\/wp\/v3\/product"}],"about":[{"href":"https:\/\/end.pt\/pt\/wp-json\/wp\/v2\/types\/product"}],"version-history":[{"count":1,"href":"https:\/\/end.pt\/pt\/wp-json\/wp\/v3\/product\/290\/revisions"}],"predecessor-version":[{"id":5335,"href":"https:\/\/end.pt\/pt\/wp-json\/wp\/v3\/product\/290\/revisions\/5335"}],"wp:featuredmedia":[{"embeddable":true,"href":"https:\/\/end.pt\/pt\/wp-json\/wp\/v2\/media\/2042"}],"wp:attachment":[{"href":"https:\/\/end.pt\/pt\/wp-json\/wp\/v2\/media?parent=290"}],"wp:term":[{"taxonomy":"product_cat","embeddable":true,"href":"https:\/\/end.pt\/pt\/wp-json\/wp\/v2\/product_cat?post=290"},{"taxonomy":"product_tag","embeddable":true,"href":"https:\/\/end.pt\/pt\/wp-json\/wp\/v2\/product_tag?post=290"}],"curies":[{"name":"wp","href":"https:\/\/api.w.org\/{rel}","templated":true}]}}