{"id":291,"date":"2018-02-26T23:24:59","date_gmt":"2018-02-26T23:24:59","guid":{"rendered":"https:\/\/end.pt\/pt\/?post_type=product&#038;p=291"},"modified":"2021-05-02T22:34:21","modified_gmt":"2021-05-02T22:34:21","slug":"escantilhao-p-soldadura-ref-a-10453","status":"publish","type":"product","link":"https:\/\/end.pt\/pt\/product\/escantilhao-p-soldadura-ref-a-10453\/","title":{"rendered":"Escantilh\u00e3o p\/ Soldadura (REF.\u00aa 10453)"},"content":{"rendered":"<p>Escantilh\u00e3o para medi\u00e7\u00e3o de folgas em soldaduras.<\/p>\n","protected":false},"excerpt":{"rendered":"<p>Escantilh\u00e3o para medi\u00e7\u00e3o de folgas em soldaduras.<\/p>\n","protected":false},"featured_media":2041,"template":"","meta":{"_mi_skip_tracking":false},"product_cat":[20,24],"product_tag":[],"class_list":["post-291","product","type-product","status-publish","has-post-thumbnail","hentry","product_cat-ensaios-visuais","product_cat-escantilhoes-de-soldadura"],"_links":{"self":[{"href":"https:\/\/end.pt\/pt\/wp-json\/wp\/v3\/product\/291","targetHints":{"allow":["GET"]}}],"collection":[{"href":"https:\/\/end.pt\/pt\/wp-json\/wp\/v3\/product"}],"about":[{"href":"https:\/\/end.pt\/pt\/wp-json\/wp\/v2\/types\/product"}],"version-history":[{"count":1,"href":"https:\/\/end.pt\/pt\/wp-json\/wp\/v3\/product\/291\/revisions"}],"predecessor-version":[{"id":5334,"href":"https:\/\/end.pt\/pt\/wp-json\/wp\/v3\/product\/291\/revisions\/5334"}],"wp:featuredmedia":[{"embeddable":true,"href":"https:\/\/end.pt\/pt\/wp-json\/wp\/v2\/media\/2041"}],"wp:attachment":[{"href":"https:\/\/end.pt\/pt\/wp-json\/wp\/v2\/media?parent=291"}],"wp:term":[{"taxonomy":"product_cat","embeddable":true,"href":"https:\/\/end.pt\/pt\/wp-json\/wp\/v2\/product_cat?post=291"},{"taxonomy":"product_tag","embeddable":true,"href":"https:\/\/end.pt\/pt\/wp-json\/wp\/v2\/product_tag?post=291"}],"curies":[{"name":"wp","href":"https:\/\/api.w.org\/{rel}","templated":true}]}}