{"id":292,"date":"2018-02-26T23:26:36","date_gmt":"2018-02-26T23:26:36","guid":{"rendered":"https:\/\/end.pt\/pt\/?post_type=product&#038;p=292"},"modified":"2021-05-02T22:32:50","modified_gmt":"2021-05-02T22:32:50","slug":"escantilhao-de-soldadura-digital-ref-a-cat18","status":"publish","type":"product","link":"https:\/\/end.pt\/pt\/product\/escantilhao-de-soldadura-digital-ref-a-cat18\/","title":{"rendered":"Escantilh\u00e3o de Soldadura Digital (REF.\u00aa CAT#18)"},"content":{"rendered":"<p>Escantilh\u00e3o com um display LCD, guarda tanto a medi\u00e7\u00e3o zero,como o valor medido em qualquer posi\u00e7\u00e3o, para medi\u00e7\u00f5es diferenciais.<\/p>\n","protected":false},"excerpt":{"rendered":"<p>Escantilh\u00e3o com um display LCD, guarda tanto a medi\u00e7\u00e3o zero,como o valor medido em qualquer posi\u00e7\u00e3o, para medi\u00e7\u00f5es diferenciais.<\/p>\n","protected":false},"featured_media":2039,"template":"","meta":{"_mi_skip_tracking":false},"product_cat":[20,24],"product_tag":[],"class_list":["post-292","product","type-product","status-publish","has-post-thumbnail","hentry","product_cat-ensaios-visuais","product_cat-escantilhoes-de-soldadura"],"_links":{"self":[{"href":"https:\/\/end.pt\/pt\/wp-json\/wp\/v3\/product\/292","targetHints":{"allow":["GET"]}}],"collection":[{"href":"https:\/\/end.pt\/pt\/wp-json\/wp\/v3\/product"}],"about":[{"href":"https:\/\/end.pt\/pt\/wp-json\/wp\/v2\/types\/product"}],"version-history":[{"count":1,"href":"https:\/\/end.pt\/pt\/wp-json\/wp\/v3\/product\/292\/revisions"}],"predecessor-version":[{"id":5332,"href":"https:\/\/end.pt\/pt\/wp-json\/wp\/v3\/product\/292\/revisions\/5332"}],"wp:featuredmedia":[{"embeddable":true,"href":"https:\/\/end.pt\/pt\/wp-json\/wp\/v2\/media\/2039"}],"wp:attachment":[{"href":"https:\/\/end.pt\/pt\/wp-json\/wp\/v2\/media?parent=292"}],"wp:term":[{"taxonomy":"product_cat","embeddable":true,"href":"https:\/\/end.pt\/pt\/wp-json\/wp\/v2\/product_cat?post=292"},{"taxonomy":"product_tag","embeddable":true,"href":"https:\/\/end.pt\/pt\/wp-json\/wp\/v2\/product_tag?post=292"}],"curies":[{"name":"wp","href":"https:\/\/api.w.org\/{rel}","templated":true}]}}