{"id":295,"date":"2018-02-26T23:38:41","date_gmt":"2018-02-26T23:38:41","guid":{"rendered":"https:\/\/end.pt\/pt\/?post_type=product&#038;p=295"},"modified":"2021-05-02T22:32:10","modified_gmt":"2021-05-02T22:32:10","slug":"espelhos-c-haste-telescopica-para-inspeccao-c-luz","status":"publish","type":"product","link":"https:\/\/end.pt\/pt\/product\/espelhos-c-haste-telescopica-para-inspeccao-c-luz\/","title":{"rendered":"Espelhos c\/ Haste Telesc\u00f3pica para Inspec\u00e7\u00e3o c\/ Luz"},"content":{"rendered":"<p>Luz LED ilumina \u00e1reas escuras para inspec\u00e7\u00e3o. Todas as juntas seguram a cabe\u00e7a do espelho firmemente em qualquer \u00e2ngulo. Pega de a\u00e7o inoxid\u00e1vel, e almofadada para n\u00e3o escorregar em m\u00e3os molhadas ou oleosas.<\/p>\n<table>\n<tbody>\n<tr>\n<td class=\"desc\">\n<h4 style=\"text-align: center;\"><em><strong><span class=\"nome\">Ref.\u00aa<\/span><\/strong><\/em><\/h4>\n<p style=\"text-align: center;\">HTS-2LT<\/p>\n<p style=\"text-align: center;\">HTC-2LT<\/p>\n<p style=\"text-align: center;\">HTE-2LT<\/p>\n<\/td>\n<td class=\"desc\">\n<h4 style=\"text-align: center;\"><em><strong><span class=\"nome\">Dimens\u00e3o Espelho (cm)<\/span><\/strong><\/em><\/h4>\n<p style=\"text-align: center;\">8,6<\/p>\n<p style=\"text-align: center;\">6<\/p>\n<p style=\"text-align: center;\">3,5<\/p>\n<\/td>\n<td class=\"desc\">\n<h4 style=\"text-align: center;\"><em><strong><span class=\"nome\">Alcance (cm)<\/span><\/strong><\/em><\/h4>\n<p style=\"text-align: center;\">De 17,1 a 76,8<\/p>\n<p style=\"text-align: center;\">De 17,1 a 94<\/p>\n<p style=\"text-align: center;\">De 17,1 a 90,2<\/p>\n<\/td>\n<\/tr>\n<\/tbody>\n<\/table>\n","protected":false},"excerpt":{"rendered":"<p>Luz LED ilumina \u00e1reas escuras para inspec\u00e7\u00e3o. Todas as juntas seguram a cabe\u00e7a do espelho firmemente em qualquer \u00e2ngulo. Pega de a\u00e7o inoxid\u00e1vel, e almofadada para n\u00e3o escorregar em m\u00e3os molhadas ou oleosas. Ref.\u00aa HTS-2LT HTC-2LT HTE-2LT Dimens\u00e3o Espelho (cm) 8,6 6 3,5 Alcance (cm) De 17,1 a 76,8 De 17,1 a 94 De 17,1 [&hellip;]<\/p>\n","protected":false},"featured_media":2036,"template":"","meta":{"_mi_skip_tracking":false},"product_cat":[20,22],"product_tag":[],"class_list":["post-295","product","type-product","status-publish","has-post-thumbnail","hentry","product_cat-ensaios-visuais","product_cat-espelhos-para-inspeccao"],"_links":{"self":[{"href":"https:\/\/end.pt\/pt\/wp-json\/wp\/v3\/product\/295","targetHints":{"allow":["GET"]}}],"collection":[{"href":"https:\/\/end.pt\/pt\/wp-json\/wp\/v3\/product"}],"about":[{"href":"https:\/\/end.pt\/pt\/wp-json\/wp\/v2\/types\/product"}],"version-history":[{"count":2,"href":"https:\/\/end.pt\/pt\/wp-json\/wp\/v3\/product\/295\/revisions"}],"predecessor-version":[{"id":5330,"href":"https:\/\/end.pt\/pt\/wp-json\/wp\/v3\/product\/295\/revisions\/5330"}],"wp:featuredmedia":[{"embeddable":true,"href":"https:\/\/end.pt\/pt\/wp-json\/wp\/v2\/media\/2036"}],"wp:attachment":[{"href":"https:\/\/end.pt\/pt\/wp-json\/wp\/v2\/media?parent=295"}],"wp:term":[{"taxonomy":"product_cat","embeddable":true,"href":"https:\/\/end.pt\/pt\/wp-json\/wp\/v2\/product_cat?post=295"},{"taxonomy":"product_tag","embeddable":true,"href":"https:\/\/end.pt\/pt\/wp-json\/wp\/v2\/product_tag?post=295"}],"curies":[{"name":"wp","href":"https:\/\/api.w.org\/{rel}","templated":true}]}}