{"id":2986,"date":"2019-03-28T17:33:11","date_gmt":"2019-03-28T17:33:11","guid":{"rendered":"https:\/\/end.pt\/pt\/?post_type=product&#038;p=2986"},"modified":"2021-05-02T19:35:23","modified_gmt":"2021-05-02T19:35:23","slug":"modelo-wilnos-wilnosol-h-langfeld-ref-20-08-02","status":"publish","type":"product","link":"https:\/\/end.pt\/pt\/product\/modelo-wilnos-wilnosol-h-langfeld-ref-20-08-02\/","title":{"rendered":"Modelo WILNOS Wilnosol H \u201cLangfeld\u201d, ref. 20 08 02"},"content":{"rendered":"<p>Lumin\u00e2ncia aproximada de 40.000 cd\/m2, para densidades at\u00e9 D=3.6, de acordo com a norma EN 25 580, \u00e1rea iluminada de 8.5&#215;45 cm, com ventiladores de refrigera\u00e7\u00e3o duplos para opera\u00e7\u00e3o cont\u00ednua, filtros de calor, interruptor de pedal, comut\u00e1vel entre modo interruptor de pedal ou modo de luz cont\u00ednua, com controlo electr\u00f3nico da luminosidade infinitamente vari\u00e1vel e luminosidade de fundo ajust\u00e1vel. Fornecido com m\u00e1scara para filmes com 6cm de largura.<br \/>\nCom 10 l\u00e2mpadas de halog\u00e9neo de 24V\/150W, para liga\u00e7\u00e3o 230V.<\/p>\n","protected":false},"excerpt":{"rendered":"<p>Lumin\u00e2ncia aproximada de 40.000 cd\/m2, para densidades at\u00e9 D=3.6, de acordo com a norma EN 25 580, \u00e1rea iluminada de 8.5&#215;45 cm, com ventiladores de refrigera\u00e7\u00e3o duplos para opera\u00e7\u00e3o cont\u00ednua, filtros de calor, interruptor de pedal, comut\u00e1vel entre modo interruptor de pedal ou modo de luz cont\u00ednua, com controlo electr\u00f3nico da luminosidade infinitamente vari\u00e1vel e [&hellip;]<\/p>\n","protected":false},"featured_media":2989,"template":"","meta":{"_mi_skip_tracking":false},"product_cat":[157,160,37],"product_tag":[],"class_list":["post-2986","product","type-product","status-publish","has-post-thumbnail","hentry","product_cat-acessorios-radiografia-industrial","product_cat-analise-de-peliculas","product_cat-radiografia-industrial"],"_links":{"self":[{"href":"https:\/\/end.pt\/pt\/wp-json\/wp\/v3\/product\/2986","targetHints":{"allow":["GET"]}}],"collection":[{"href":"https:\/\/end.pt\/pt\/wp-json\/wp\/v3\/product"}],"about":[{"href":"https:\/\/end.pt\/pt\/wp-json\/wp\/v2\/types\/product"}],"version-history":[{"count":3,"href":"https:\/\/end.pt\/pt\/wp-json\/wp\/v3\/product\/2986\/revisions"}],"predecessor-version":[{"id":5126,"href":"https:\/\/end.pt\/pt\/wp-json\/wp\/v3\/product\/2986\/revisions\/5126"}],"wp:featuredmedia":[{"embeddable":true,"href":"https:\/\/end.pt\/pt\/wp-json\/wp\/v2\/media\/2989"}],"wp:attachment":[{"href":"https:\/\/end.pt\/pt\/wp-json\/wp\/v2\/media?parent=2986"}],"wp:term":[{"taxonomy":"product_cat","embeddable":true,"href":"https:\/\/end.pt\/pt\/wp-json\/wp\/v2\/product_cat?post=2986"},{"taxonomy":"product_tag","embeddable":true,"href":"https:\/\/end.pt\/pt\/wp-json\/wp\/v2\/product_tag?post=2986"}],"curies":[{"name":"wp","href":"https:\/\/api.w.org\/{rel}","templated":true}]}}