{"id":2990,"date":"2019-03-28T17:38:01","date_gmt":"2019-03-28T17:38:01","guid":{"rendered":"https:\/\/end.pt\/pt\/?post_type=product&#038;p=2990"},"modified":"2021-05-02T19:35:10","modified_gmt":"2021-05-02T19:35:10","slug":"modelo-wilnos-wilnosol-hi-super-ref-20-09-02","status":"publish","type":"product","link":"https:\/\/end.pt\/pt\/product\/modelo-wilnos-wilnosol-hi-super-ref-20-09-02\/","title":{"rendered":"Modelo WILNOS Wilnosol HI \u201cSuper\u201d, ref. 20 09 02"},"content":{"rendered":"<p>Lumin\u00e2ncia aproximada de 470.000 cd\/m2, para densidades at\u00e9 D=4.7, de acordo com a norma EN 25 580. Com diafragma \u00edris para di\u00e2metros 5 a 75mm, interruptor de pedal, comut\u00e1vel entre modo interruptor de pedal ou modo de luz cont\u00ednua, com controlo electr\u00f3nico da luminosidade infinitamente vari\u00e1vel e luminosidade de fundo ajust\u00e1vel, com ventilador de refrigera\u00e7\u00e3o e filtros de calor duplos, adequados para opera\u00e7\u00e3o cont\u00ednua.<br \/>\nCom l\u00e2mpada halog\u00e9nea 24V\/250W, para liga\u00e7\u00e3o 230V.<\/p>\n","protected":false},"excerpt":{"rendered":"<p>Lumin\u00e2ncia aproximada de 470.000 cd\/m2, para densidades at\u00e9 D=4.7, de acordo com a norma EN 25 580. Com diafragma \u00edris para di\u00e2metros 5 a 75mm, interruptor de pedal, comut\u00e1vel entre modo interruptor de pedal ou modo de luz cont\u00ednua, com controlo electr\u00f3nico da luminosidade infinitamente vari\u00e1vel e luminosidade de fundo ajust\u00e1vel, com ventilador de refrigera\u00e7\u00e3o [&hellip;]<\/p>\n","protected":false},"featured_media":2991,"template":"","meta":{"_mi_skip_tracking":false},"product_cat":[157,160,37],"product_tag":[],"class_list":["post-2990","product","type-product","status-publish","has-post-thumbnail","hentry","product_cat-acessorios-radiografia-industrial","product_cat-analise-de-peliculas","product_cat-radiografia-industrial"],"_links":{"self":[{"href":"https:\/\/end.pt\/pt\/wp-json\/wp\/v3\/product\/2990","targetHints":{"allow":["GET"]}}],"collection":[{"href":"https:\/\/end.pt\/pt\/wp-json\/wp\/v3\/product"}],"about":[{"href":"https:\/\/end.pt\/pt\/wp-json\/wp\/v2\/types\/product"}],"version-history":[{"count":3,"href":"https:\/\/end.pt\/pt\/wp-json\/wp\/v3\/product\/2990\/revisions"}],"predecessor-version":[{"id":5125,"href":"https:\/\/end.pt\/pt\/wp-json\/wp\/v3\/product\/2990\/revisions\/5125"}],"wp:featuredmedia":[{"embeddable":true,"href":"https:\/\/end.pt\/pt\/wp-json\/wp\/v2\/media\/2991"}],"wp:attachment":[{"href":"https:\/\/end.pt\/pt\/wp-json\/wp\/v2\/media?parent=2990"}],"wp:term":[{"taxonomy":"product_cat","embeddable":true,"href":"https:\/\/end.pt\/pt\/wp-json\/wp\/v2\/product_cat?post=2990"},{"taxonomy":"product_tag","embeddable":true,"href":"https:\/\/end.pt\/pt\/wp-json\/wp\/v2\/product_tag?post=2990"}],"curies":[{"name":"wp","href":"https:\/\/api.w.org\/{rel}","templated":true}]}}