{"id":3059,"date":"2019-03-28T19:33:17","date_gmt":"2019-03-28T19:33:17","guid":{"rendered":"https:\/\/end.pt\/pt\/?post_type=product&#038;p=3059"},"modified":"2021-05-02T19:28:42","modified_gmt":"2021-05-02T19:28:42","slug":"equipamento-e-material-de-proteccao","status":"publish","type":"product","link":"https:\/\/end.pt\/pt\/product\/equipamento-e-material-de-proteccao\/","title":{"rendered":"Equipamento e material de protec\u00e7\u00e3o"},"content":{"rendered":"\t\t<div data-elementor-type=\"product-post\" data-elementor-id=\"3059\" class=\"elementor elementor-3059\">\n\t\t\t\t\t\t<div class=\"elementor-inner\">\n\t\t\t\t<div class=\"elementor-section-wrap\">\n\t\t\t\t\t\t\t\t\t<section class=\"elementor-section elementor-top-section elementor-element elementor-element-3117c45 elementor-section-boxed elementor-section-height-default elementor-section-height-default\" data-id=\"3117c45\" data-element_type=\"section\">\n\t\t\t\t\t\t<div class=\"elementor-container elementor-column-gap-default\">\n\t\t\t\t\t\t\t<div class=\"elementor-row\">\n\t\t\t\t\t<div class=\"elementor-column elementor-col-50 elementor-top-column elementor-element elementor-element-bd39fa5\" data-id=\"bd39fa5\" data-element_type=\"column\">\n\t\t\t<div class=\"elementor-column-wrap elementor-element-populated\">\n\t\t\t\t\t\t\t<div class=\"elementor-widget-wrap\">\n\t\t\t\t\t\t<div class=\"elementor-element elementor-element-14b4f37 elementor-widget elementor-widget-heading\" data-id=\"14b4f37\" data-element_type=\"widget\" data-widget_type=\"heading.default\">\n\t\t\t\t<div class=\"elementor-widget-container\">\n\t\t\t<h6 class=\"elementor-heading-title elementor-size-default\">\u00d3culos de protec\u00e7\u00e3o chumb\u00edneo Pb<\/h6>\t\t<\/div>\n\t\t\t\t<\/div>\n\t\t\t\t<div class=\"elementor-element elementor-element-b319b2b elementor-widget elementor-widget-text-editor\" data-id=\"b319b2b\" data-element_type=\"widget\" data-widget_type=\"text-editor.default\">\n\t\t\t\t<div class=\"elementor-widget-container\">\n\t\t\t\t\t\t\t\t<div class=\"elementor-text-editor elementor-clearfix\">\n\t\t\t\t<p>Modelo RSB 8 \/ Pb (90 g)<\/p><p>\u00d3culos de prote\u00e7\u00e3o contra raios X com arma\u00e7\u00e3o de pl\u00e1stico, narinas e prote\u00e7\u00e3o lateral adicional, incluindo uma cinta.<\/p><p>Frente: 0,75 mm Pb<\/p><p>Prote\u00e7\u00e3o lateral: 0,5 mm Pb<\/p><p>Cor da estrutura: preto, marrom<\/p><p>Tamb\u00e9m dispon\u00edvel com prote\u00e7\u00e3o lateral 0,75 mm Pb: RSB 8B \/ Pb *)<\/p><p><em><strong>Outros modelos dispon\u00edveis<\/strong><\/em><\/p>\t\t\t\t\t<\/div>\n\t\t\t\t\t\t<\/div>\n\t\t\t\t<\/div>\n\t\t\t\t\t\t<\/div>\n\t\t\t\t\t<\/div>\n\t\t<\/div>\n\t\t\t\t<div class=\"elementor-column elementor-col-50 elementor-top-column elementor-element elementor-element-1bdf103\" data-id=\"1bdf103\" data-element_type=\"column\">\n\t\t\t<div class=\"elementor-column-wrap elementor-element-populated\">\n\t\t\t\t\t\t\t<div class=\"elementor-widget-wrap\">\n\t\t\t\t\t\t<div class=\"elementor-element elementor-element-5006f31 elementor-widget elementor-widget-heading\" data-id=\"5006f31\" data-element_type=\"widget\" data-widget_type=\"heading.default\">\n\t\t\t\t<div class=\"elementor-widget-container\">\n\t\t\t<h6 class=\"elementor-heading-title elementor-size-default\">Avental de protec\u00e7\u00e3o chumb\u00edneo Pb<\/h6>\t\t<\/div>\n\t\t\t\t<\/div>\n\t\t\t\t<div class=\"elementor-element elementor-element-d4a264f elementor-widget elementor-widget-text-editor\" data-id=\"d4a264f\" data-element_type=\"widget\" data-widget_type=\"text-editor.default\">\n\t\t\t\t<div class=\"elementor-widget-container\">\n\t\t\t\t\t\t\t\t<div class=\"elementor-text-editor elementor-clearfix\">\n\t\t\t\t<p>Avental de prote\u00e7\u00e3o contra raios X \u2013 com protec\u00e7\u00e3o frontal 0,50mm e traseira 0,25 mm Pb e dimens\u00f5es 130x70x53cm.<\/p><p><em><strong>Outros modelos Dispon\u00edveis.<\/strong><\/em><\/p>\t\t\t\t\t<\/div>\n\t\t\t\t\t\t<\/div>\n\t\t\t\t<\/div>\n\t\t\t\t\t\t<\/div>\n\t\t\t\t\t<\/div>\n\t\t<\/div>\n\t\t\t\t\t\t\t\t<\/div>\n\t\t\t\t\t<\/div>\n\t\t<\/section>\n\t\t\t\t<section class=\"elementor-section elementor-top-section elementor-element elementor-element-92d785a elementor-section-boxed elementor-section-height-default elementor-section-height-default\" data-id=\"92d785a\" data-element_type=\"section\">\n\t\t\t\t\t\t<div class=\"elementor-container elementor-column-gap-default\">\n\t\t\t\t\t\t\t<div class=\"elementor-row\">\n\t\t\t\t\t<div class=\"elementor-column elementor-col-50 elementor-top-column elementor-element elementor-element-6b6f763\" data-id=\"6b6f763\" data-element_type=\"column\">\n\t\t\t<div class=\"elementor-column-wrap elementor-element-populated\">\n\t\t\t\t\t\t\t<div class=\"elementor-widget-wrap\">\n\t\t\t\t\t\t<div class=\"elementor-element elementor-element-4c597d3 elementor-widget elementor-widget-heading\" data-id=\"4c597d3\" data-element_type=\"widget\" data-widget_type=\"heading.default\">\n\t\t\t\t<div class=\"elementor-widget-container\">\n\t\t\t<h6 class=\"elementor-heading-title elementor-size-default\">Luvas de protec\u00e7\u00e3o chumb\u00edneo Pb<\/h6>\t\t<\/div>\n\t\t\t\t<\/div>\n\t\t\t\t<div class=\"elementor-element elementor-element-fe591a5 elementor-widget elementor-widget-text-editor\" data-id=\"fe591a5\" data-element_type=\"widget\" data-widget_type=\"text-editor.default\">\n\t\t\t\t<div class=\"elementor-widget-container\">\n\t\t\t\t\t\t\t\t<div class=\"elementor-text-editor elementor-clearfix\">\n\t\t\t\t<p>Luvas de prote\u00e7\u00e3o contra raios X &#8211; fabricadas com borracha flex\u00edvel e sem costuras, com dedos pr\u00e9-dobrados.<\/p><p>Incluindo luvas internas de linho<\/p><p>0,50 mm Pb<\/p><p>Tamanho<\/p><p>M\u00e9dio = 10<\/p><p>Comprimento: Ca. 40 cm<\/p><p>Cor: branco cinz<\/p><p><em><strong>Outros modelos dispon\u00edveis<\/strong><\/em><\/p>\t\t\t\t\t<\/div>\n\t\t\t\t\t\t<\/div>\n\t\t\t\t<\/div>\n\t\t\t\t\t\t<\/div>\n\t\t\t\t\t<\/div>\n\t\t<\/div>\n\t\t\t\t<div class=\"elementor-column elementor-col-50 elementor-top-column elementor-element elementor-element-9228971\" data-id=\"9228971\" data-element_type=\"column\">\n\t\t\t<div class=\"elementor-column-wrap elementor-element-populated\">\n\t\t\t\t\t\t\t<div class=\"elementor-widget-wrap\">\n\t\t\t\t\t\t<div class=\"elementor-element elementor-element-31186ef elementor-widget elementor-widget-heading\" data-id=\"31186ef\" data-element_type=\"widget\" data-widget_type=\"heading.default\">\n\t\t\t\t<div class=\"elementor-widget-container\">\n\t\t\t<h6 class=\"elementor-heading-title elementor-size-default\">Camp\u00e2nula de protec\u00e7\u00e3o em a\u00e7o revestida a chumbo<\/h6>\t\t<\/div>\n\t\t\t\t<\/div>\n\t\t\t\t<div class=\"elementor-element elementor-element-35e637c elementor-widget elementor-widget-text-editor\" data-id=\"35e637c\" data-element_type=\"widget\" data-widget_type=\"text-editor.default\">\n\t\t\t\t<div class=\"elementor-widget-container\">\n\t\t\t\t\t\t\t\t<div class=\"elementor-text-editor elementor-clearfix\">\n\t\t\t\t<p>Caixa met\u00e1lica revestida a chumbo \u2013 inox<\/p>\t\t\t\t\t<\/div>\n\t\t\t\t\t\t<\/div>\n\t\t\t\t<\/div>\n\t\t\t\t\t\t<\/div>\n\t\t\t\t\t<\/div>\n\t\t<\/div>\n\t\t\t\t\t\t\t\t<\/div>\n\t\t\t\t\t<\/div>\n\t\t<\/section>\n\t\t\t\t\t\t\t\t\t<\/div>\n\t\t\t<\/div>\n\t\t\t\t\t<\/div>\n\t\t","protected":false},"excerpt":{"rendered":"<p>\u00d3culos de protec\u00e7\u00e3o chumb\u00edneo Pb Modelo RSB 8 \/ Pb (90 g) \u00d3culos de prote\u00e7\u00e3o contra raios X com arma\u00e7\u00e3o de pl\u00e1stico, narinas e prote\u00e7\u00e3o lateral adicional, incluindo uma cinta. Frente: 0,75 mm Pb Prote\u00e7\u00e3o lateral: 0,5 mm Pb Cor da estrutura: preto, marrom Tamb\u00e9m dispon\u00edvel com prote\u00e7\u00e3o lateral 0,75 mm Pb: RSB 8B \/ [&hellip;]<\/p>\n","protected":false},"featured_media":4490,"template":"","meta":{"_mi_skip_tracking":false},"product_cat":[157,37,161,132],"product_tag":[],"class_list":["post-3059","product","type-product","status-publish","has-post-thumbnail","hentry","product_cat-acessorios-radiografia-industrial","product_cat-radiografia-industrial","product_cat-radioproteccao-e-seguranca","product_cat-sinalizacao-sonora-e-visual"],"_links":{"self":[{"href":"https:\/\/end.pt\/pt\/wp-json\/wp\/v3\/product\/3059","targetHints":{"allow":["GET"]}}],"collection":[{"href":"https:\/\/end.pt\/pt\/wp-json\/wp\/v3\/product"}],"about":[{"href":"https:\/\/end.pt\/pt\/wp-json\/wp\/v2\/types\/product"}],"version-history":[{"count":5,"href":"https:\/\/end.pt\/pt\/wp-json\/wp\/v3\/product\/3059\/revisions"}],"predecessor-version":[{"id":5108,"href":"https:\/\/end.pt\/pt\/wp-json\/wp\/v3\/product\/3059\/revisions\/5108"}],"wp:featuredmedia":[{"embeddable":true,"href":"https:\/\/end.pt\/pt\/wp-json\/wp\/v2\/media\/4490"}],"wp:attachment":[{"href":"https:\/\/end.pt\/pt\/wp-json\/wp\/v2\/media?parent=3059"}],"wp:term":[{"taxonomy":"product_cat","embeddable":true,"href":"https:\/\/end.pt\/pt\/wp-json\/wp\/v2\/product_cat?post=3059"},{"taxonomy":"product_tag","embeddable":true,"href":"https:\/\/end.pt\/pt\/wp-json\/wp\/v2\/product_tag?post=3059"}],"curies":[{"name":"wp","href":"https:\/\/api.w.org\/{rel}","templated":true}]}}