{"id":3088,"date":"2019-03-29T19:57:51","date_gmt":"2019-03-29T19:57:51","guid":{"rendered":"https:\/\/end.pt\/pt\/?post_type=product&#038;p=3088"},"modified":"2021-05-02T19:28:19","modified_gmt":"2021-05-02T19:28:19","slug":"mega-check-pocket","status":"publish","type":"product","link":"https:\/\/end.pt\/pt\/product\/mega-check-pocket\/","title":{"rendered":"MEGA-CHECK Pocket"},"content":{"rendered":"<p>Medidor de espessuras de camadas de bolso, que utiliza sondas digitais de medi\u00e7\u00e3o, nas quais os sinais an\u00e1logos s\u00e3o digitalizados directamente na sonda e transferidos digitalmente via o cabo da sonda para o equipamento de medi\u00e7\u00e3o. Esta nova tecnologia \u00e9 bastante imune a interfer\u00eancia e torna poss\u00edveis medi\u00e7\u00f5es de reprodu\u00e7\u00e3o de alta precis\u00e3o. \u00c9 apresentada em 2 vers\u00f5es:<\/p>\n<ul>\n<li>\n<h5><span style=\"color: #0000ff;\">MEGA-CHECK Pocket FE<\/span><\/h5>\n<p>Medi\u00e7\u00f5es de acordo com a t\u00e9cnica de indu\u00e7\u00e3o magn\u00e9tica, camadas n\u00e3o condutoras (tinta, verniz, pl\u00e1sticos, borracha, cer\u00e2mica) e filmes galvanizados (excepto n\u00edquel) em ferro ou a\u00e7o magn\u00e9tico. Aparelho inclui sonda, conjunto de calibra\u00e7\u00e3o, instru\u00e7\u00f5es de funcionamento e caixa de pl\u00e1stico.<\/li>\n<li>\n<h5><span style=\"color: #0000ff;\">EASY-CHECK Pocket FE-S<\/span><\/h5>\n<p>Inclui ambas as t\u00e9cnicas de indu\u00e7\u00e3o magn\u00e9tica e de eddycurrents com uma sonda de dupla fun\u00e7\u00e3o. Podem ser efectuadas as seguintes medi\u00e7\u00f5es: Em ferro e a\u00e7o magn\u00e9tico todas as camadas n\u00e3o condutoras (tintas, verniz, pl\u00e1sticos, borracha, cer\u00e2mica) e filmes galvanizados (excepto n\u00edquel). Em metais n\u00e3o ferrosos (alum\u00ednio, bronze, lat\u00e3o, cobre, a\u00e7o n\u00e3o magn\u00e9tico) todas camadas n\u00e3o condutoras (tinta, verniz, pl\u00e1sticos, anodiza\u00e7\u00e3o em alum\u00ednio). Aparelho inclui sonda, conjunto de calibra\u00e7\u00e3o, instru\u00e7\u00f5es de funcionamento e caixa de pl\u00e1stico.<\/li>\n<\/ul>\n","protected":false},"excerpt":{"rendered":"<p>Medidor de espessuras de camadas de bolso, que utiliza sondas digitais de medi\u00e7\u00e3o, nas quais os sinais an\u00e1logos s\u00e3o digitalizados directamente na sonda e transferidos digitalmente via o cabo da sonda para o equipamento de medi\u00e7\u00e3o. Esta nova tecnologia \u00e9 bastante imune a interfer\u00eancia e torna poss\u00edveis medi\u00e7\u00f5es de reprodu\u00e7\u00e3o de alta precis\u00e3o. \u00c9 apresentada [&hellip;]<\/p>\n","protected":false},"featured_media":3094,"template":"","meta":{"_mi_skip_tracking":false},"product_cat":[41],"product_tag":[],"class_list":["post-3088","product","type-product","status-publish","has-post-thumbnail","hentry","product_cat-medidores-de-espessuras-de-camadas"],"_links":{"self":[{"href":"https:\/\/end.pt\/pt\/wp-json\/wp\/v3\/product\/3088","targetHints":{"allow":["GET"]}}],"collection":[{"href":"https:\/\/end.pt\/pt\/wp-json\/wp\/v3\/product"}],"about":[{"href":"https:\/\/end.pt\/pt\/wp-json\/wp\/v2\/types\/product"}],"version-history":[{"count":3,"href":"https:\/\/end.pt\/pt\/wp-json\/wp\/v3\/product\/3088\/revisions"}],"predecessor-version":[{"id":5106,"href":"https:\/\/end.pt\/pt\/wp-json\/wp\/v3\/product\/3088\/revisions\/5106"}],"wp:featuredmedia":[{"embeddable":true,"href":"https:\/\/end.pt\/pt\/wp-json\/wp\/v2\/media\/3094"}],"wp:attachment":[{"href":"https:\/\/end.pt\/pt\/wp-json\/wp\/v2\/media?parent=3088"}],"wp:term":[{"taxonomy":"product_cat","embeddable":true,"href":"https:\/\/end.pt\/pt\/wp-json\/wp\/v2\/product_cat?post=3088"},{"taxonomy":"product_tag","embeddable":true,"href":"https:\/\/end.pt\/pt\/wp-json\/wp\/v2\/product_tag?post=3088"}],"curies":[{"name":"wp","href":"https:\/\/api.w.org\/{rel}","templated":true}]}}