{"id":3095,"date":"2019-03-29T20:08:47","date_gmt":"2019-03-29T20:08:47","guid":{"rendered":"https:\/\/end.pt\/pt\/?post_type=product&#038;p=3095"},"modified":"2021-05-02T19:28:03","modified_gmt":"2021-05-02T19:28:03","slug":"top-check","status":"publish","type":"product","link":"https:\/\/end.pt\/pt\/product\/top-check\/","title":{"rendered":"TOP-CHECK"},"content":{"rendered":"<p>Os medidores de espessuras de camadas TOP-CHECK, s\u00e3o pouco maiores que a sonda de medi\u00e7\u00e3o, e disp\u00f5em de uma sonda de medi\u00e7\u00e3o \u00fanica no mundo, que pode ser girada em 90\u00ba. Isto permite medi\u00e7\u00f5es em locais previamente inacess\u00edveis. Com o seu baixo peso, e tamanho reduzido, s\u00e3o ideiais para utilizadores que necessitem de fazer medi\u00e7\u00f5es on-site. \u00c9 apresentado em 4 vers\u00f5es:<\/p>\n<ul>\n<li>\n<h5><span style=\"color: #0000ff;\">TOP-CHECK FE<\/span><\/h5>\n<p>Medi\u00e7\u00f5es em ferro e a\u00e7o magn\u00e9tico todas as camadas n\u00e3o condutoras (tintas, verniz, pl\u00e1sticos, borracha, cer\u00e2mica) e filmes galvanizados (excepto n\u00edquel). Conjunto inclui bateria, bateria sobressalente, conjunto de calibra\u00e7\u00e3o, instru\u00e7\u00f5es de funcionamento e caixa de pl\u00e1stico.<\/li>\n<li>\n<h5><span style=\"color: #0000ff;\">TOP-CHECK FE-B<\/span><\/h5>\n<p>Igual \u00e0 vers\u00e3o anterior, mas com interface wireless Bluetooth adicional com fun\u00e7\u00e3o de mem\u00f3ria do valor medido.<\/li>\n<li>\n<h5><span style=\"color: #0000ff;\">TOP-CHECK FN<\/span><\/h5>\n<p>Medi\u00e7\u00f5es pelo m\u00e9todo de indu\u00e7\u00e3o magn\u00e9tica em ferro e a\u00e7o magn\u00e9tico todas as camadas n\u00e3o condutoras (tintas, verniz, pl\u00e1sticos, borracha, cer\u00e2mica) e filmes galvanizados (excepto n\u00edquel), e pelo m\u00e9todo de eddycurrents em metais n\u00e3o ferrosos (alum\u00ednio, bronze, lat\u00e3o, cobre, a\u00e7o n\u00e3o magn\u00e9tico) todas camadas n\u00e3o condutoras (tinta, verniz, pl\u00e1sticos, anodiza\u00e7\u00e3o em alum\u00ednio). Conjunto inclui bateria, bateria sobressalente, conjunto de calibra\u00e7\u00e3o, instru\u00e7\u00f5es de funcionamento e caixa de pl\u00e1stico.<\/li>\n<li>\n<h5><span style=\"color: #0000ff;\">TOP-CHECK FN-B<\/span><\/h5>\n<p>Igual \u00e0 vers\u00e3o anterior, mas com interface wireless Bluetooth adicional com fun\u00e7\u00e3o de mem\u00f3ria do valor medido.<\/li>\n<\/ul>\n","protected":false},"excerpt":{"rendered":"<p>Os medidores de espessuras de camadas TOP-CHECK, s\u00e3o pouco maiores que a sonda de medi\u00e7\u00e3o, e disp\u00f5em de uma sonda de medi\u00e7\u00e3o \u00fanica no mundo, que pode ser girada em 90\u00ba. Isto permite medi\u00e7\u00f5es em locais previamente inacess\u00edveis. Com o seu baixo peso, e tamanho reduzido, s\u00e3o ideiais para utilizadores que necessitem de fazer medi\u00e7\u00f5es [&hellip;]<\/p>\n","protected":false},"featured_media":3096,"template":"","meta":{"_mi_skip_tracking":false},"product_cat":[41],"product_tag":[],"class_list":["post-3095","product","type-product","status-publish","has-post-thumbnail","hentry","product_cat-medidores-de-espessuras-de-camadas"],"_links":{"self":[{"href":"https:\/\/end.pt\/pt\/wp-json\/wp\/v3\/product\/3095","targetHints":{"allow":["GET"]}}],"collection":[{"href":"https:\/\/end.pt\/pt\/wp-json\/wp\/v3\/product"}],"about":[{"href":"https:\/\/end.pt\/pt\/wp-json\/wp\/v2\/types\/product"}],"version-history":[{"count":3,"href":"https:\/\/end.pt\/pt\/wp-json\/wp\/v3\/product\/3095\/revisions"}],"predecessor-version":[{"id":5105,"href":"https:\/\/end.pt\/pt\/wp-json\/wp\/v3\/product\/3095\/revisions\/5105"}],"wp:featuredmedia":[{"embeddable":true,"href":"https:\/\/end.pt\/pt\/wp-json\/wp\/v2\/media\/3096"}],"wp:attachment":[{"href":"https:\/\/end.pt\/pt\/wp-json\/wp\/v2\/media?parent=3095"}],"wp:term":[{"taxonomy":"product_cat","embeddable":true,"href":"https:\/\/end.pt\/pt\/wp-json\/wp\/v2\/product_cat?post=3095"},{"taxonomy":"product_tag","embeddable":true,"href":"https:\/\/end.pt\/pt\/wp-json\/wp\/v2\/product_tag?post=3095"}],"curies":[{"name":"wp","href":"https:\/\/api.w.org\/{rel}","templated":true}]}}