{"id":3112,"date":"2019-03-29T20:24:42","date_gmt":"2019-03-29T20:24:42","guid":{"rendered":"https:\/\/end.pt\/pt\/?post_type=product&#038;p=3112"},"modified":"2021-05-02T19:26:34","modified_gmt":"2021-05-02T19:26:34","slug":"residual-digital-residumeter-ii-emud2k","status":"publish","type":"product","link":"https:\/\/end.pt\/pt\/product\/residual-digital-residumeter-ii-emud2k\/","title":{"rendered":"RESIDUAL DIGITAL \u2013 RESIDUMETER II &#8211; EMUD2K"},"content":{"rendered":"<p>Medidor digital de m\u00e3o leve, f\u00e1cil de usar e transport\u00e1vel no cinto, para determinar o campo gauss m\u00e1ximo numa pe\u00e7a ou para mapear as suas pr\u00f3prias medi\u00e7\u00f5es. Determina\u00e7\u00e3o r\u00e1pida e fi\u00e1vel da for\u00e7a e direc\u00e7\u00e3o de campos magn\u00e9ticos DC, bem como de magnetismo residual baixo.<\/p>\n","protected":false},"excerpt":{"rendered":"<p>Medidor digital de m\u00e3o leve, f\u00e1cil de usar e transport\u00e1vel no cinto, para determinar o campo gauss m\u00e1ximo numa pe\u00e7a ou para mapear as suas pr\u00f3prias medi\u00e7\u00f5es. Determina\u00e7\u00e3o r\u00e1pida e fi\u00e1vel da for\u00e7a e direc\u00e7\u00e3o de campos magn\u00e9ticos DC, bem como de magnetismo residual baixo.<\/p>\n","protected":false},"featured_media":3113,"template":"","meta":{"_mi_skip_tracking":false},"product_cat":[42],"product_tag":[],"class_list":["post-3112","product","type-product","status-publish","has-post-thumbnail","hentry","product_cat-medidores-de-magnetismo"],"_links":{"self":[{"href":"https:\/\/end.pt\/pt\/wp-json\/wp\/v3\/product\/3112","targetHints":{"allow":["GET"]}}],"collection":[{"href":"https:\/\/end.pt\/pt\/wp-json\/wp\/v3\/product"}],"about":[{"href":"https:\/\/end.pt\/pt\/wp-json\/wp\/v2\/types\/product"}],"version-history":[{"count":2,"href":"https:\/\/end.pt\/pt\/wp-json\/wp\/v3\/product\/3112\/revisions"}],"predecessor-version":[{"id":5102,"href":"https:\/\/end.pt\/pt\/wp-json\/wp\/v3\/product\/3112\/revisions\/5102"}],"wp:featuredmedia":[{"embeddable":true,"href":"https:\/\/end.pt\/pt\/wp-json\/wp\/v2\/media\/3113"}],"wp:attachment":[{"href":"https:\/\/end.pt\/pt\/wp-json\/wp\/v2\/media?parent=3112"}],"wp:term":[{"taxonomy":"product_cat","embeddable":true,"href":"https:\/\/end.pt\/pt\/wp-json\/wp\/v2\/product_cat?post=3112"},{"taxonomy":"product_tag","embeddable":true,"href":"https:\/\/end.pt\/pt\/wp-json\/wp\/v2\/product_tag?post=3112"}],"curies":[{"name":"wp","href":"https:\/\/api.w.org\/{rel}","templated":true}]}}