{"id":3116,"date":"2019-03-29T22:43:10","date_gmt":"2019-03-29T22:43:10","guid":{"rendered":"https:\/\/end.pt\/pt\/?post_type=product&#038;p=3116"},"modified":"2021-05-02T19:26:19","modified_gmt":"2021-05-02T19:26:19","slug":"medidor-de-campo-magnetico-mp-1","status":"publish","type":"product","link":"https:\/\/end.pt\/pt\/product\/medidor-de-campo-magnetico-mp-1\/","title":{"rendered":"MEDIDOR DE CAMPO MAGN\u00c9TICO \u2013 MP-1"},"content":{"rendered":"<p>Equipamento port\u00e1til alimentado a bateria, adequado para medi\u00e7\u00e3o do magnetismo residual (polariza\u00e7\u00e3o) em a\u00e7o, especialmente em objectos desmagnetizados. Este instrumento \u00e9 fornecido com um sonda de campo axial, mala de transporte e certificado.<\/p>\n","protected":false},"excerpt":{"rendered":"<p>Equipamento port\u00e1til alimentado a bateria, adequado para medi\u00e7\u00e3o do magnetismo residual (polariza\u00e7\u00e3o) em a\u00e7o, especialmente em objectos desmagnetizados. Este instrumento \u00e9 fornecido com um sonda de campo axial, mala de transporte e certificado.<\/p>\n","protected":false},"featured_media":3117,"template":"","meta":{"_mi_skip_tracking":false},"product_cat":[42],"product_tag":[],"class_list":["post-3116","product","type-product","status-publish","has-post-thumbnail","hentry","product_cat-medidores-de-magnetismo"],"_links":{"self":[{"href":"https:\/\/end.pt\/pt\/wp-json\/wp\/v3\/product\/3116","targetHints":{"allow":["GET"]}}],"collection":[{"href":"https:\/\/end.pt\/pt\/wp-json\/wp\/v3\/product"}],"about":[{"href":"https:\/\/end.pt\/pt\/wp-json\/wp\/v2\/types\/product"}],"version-history":[{"count":2,"href":"https:\/\/end.pt\/pt\/wp-json\/wp\/v3\/product\/3116\/revisions"}],"predecessor-version":[{"id":5101,"href":"https:\/\/end.pt\/pt\/wp-json\/wp\/v3\/product\/3116\/revisions\/5101"}],"wp:featuredmedia":[{"embeddable":true,"href":"https:\/\/end.pt\/pt\/wp-json\/wp\/v2\/media\/3117"}],"wp:attachment":[{"href":"https:\/\/end.pt\/pt\/wp-json\/wp\/v2\/media?parent=3116"}],"wp:term":[{"taxonomy":"product_cat","embeddable":true,"href":"https:\/\/end.pt\/pt\/wp-json\/wp\/v2\/product_cat?post=3116"},{"taxonomy":"product_tag","embeddable":true,"href":"https:\/\/end.pt\/pt\/wp-json\/wp\/v2\/product_tag?post=3116"}],"curies":[{"name":"wp","href":"https:\/\/api.w.org\/{rel}","templated":true}]}}