{"id":3120,"date":"2019-03-29T22:44:25","date_gmt":"2019-03-29T22:44:25","guid":{"rendered":"https:\/\/end.pt\/pt\/?post_type=product&#038;p=3120"},"modified":"2021-05-02T19:26:05","modified_gmt":"2021-05-02T19:26:05","slug":"medidor-de-campo-magnetico-mp-1000","status":"publish","type":"product","link":"https:\/\/end.pt\/pt\/product\/medidor-de-campo-magnetico-mp-1000\/","title":{"rendered":"MEDIDOR DE CAMPO MAGN\u00c9TICO \u2013 MP-1000"},"content":{"rendered":"<p>Medidor de Campo Magn\u00e9tico para medir todos os tipos de campos magn\u00e9ticos fixos ou alternados.<br \/>\nO medidor de campo magn\u00e9tico MP-1000 \u00e9 um modelo pr\u00e1tico universal, com sondas externas conect\u00e1veis, axiais ou tangenciais, para a medi\u00e7\u00e3o precisa de todo o tipo de campos magn\u00e9ticos: campos DC constantes, campos AC alternados e campos pulsados.<br \/>\nCom opera\u00e7\u00e3o muito simples de apenas um bot\u00e3o, a for\u00e7a do campo magn\u00e9tico pode ser medida, desde o fraco campo magn\u00e9tico terrestre a for\u00e7as de campo de 20.000 A\/cm, comut\u00e1vel em Gauss\/Oersted e Tesla.<br \/>\nAplica\u00e7\u00f5es do Medidor de Campo Magn\u00e9tico MP-1000 incluem o teste de magnetismo residual, medi\u00e7\u00e3o de campos magn\u00e9ticos de todos os tipos, e localiza\u00e7\u00e3o de campos perdidos para detec\u00e7\u00e3o de falhas.<br \/>\nFornecido com cabo, mala e certificado de calibra\u00e7\u00e3o, est\u00e1 disponivel ainda como op\u00e7\u00e3o um bloco de calibra\u00e7\u00e3o, para verificar a precis\u00e3o do equipamento.<\/p>\n","protected":false},"excerpt":{"rendered":"<p>Medidor de Campo Magn\u00e9tico para medir todos os tipos de campos magn\u00e9ticos fixos ou alternados. O medidor de campo magn\u00e9tico MP-1000 \u00e9 um modelo pr\u00e1tico universal, com sondas externas conect\u00e1veis, axiais ou tangenciais, para a medi\u00e7\u00e3o precisa de todo o tipo de campos magn\u00e9ticos: campos DC constantes, campos AC alternados e campos pulsados. Com opera\u00e7\u00e3o [&hellip;]<\/p>\n","protected":false},"featured_media":3121,"template":"","meta":{"_mi_skip_tracking":false},"product_cat":[42],"product_tag":[],"class_list":["post-3120","product","type-product","status-publish","has-post-thumbnail","hentry","product_cat-medidores-de-magnetismo"],"_links":{"self":[{"href":"https:\/\/end.pt\/pt\/wp-json\/wp\/v3\/product\/3120","targetHints":{"allow":["GET"]}}],"collection":[{"href":"https:\/\/end.pt\/pt\/wp-json\/wp\/v3\/product"}],"about":[{"href":"https:\/\/end.pt\/pt\/wp-json\/wp\/v2\/types\/product"}],"version-history":[{"count":4,"href":"https:\/\/end.pt\/pt\/wp-json\/wp\/v3\/product\/3120\/revisions"}],"predecessor-version":[{"id":5100,"href":"https:\/\/end.pt\/pt\/wp-json\/wp\/v3\/product\/3120\/revisions\/5100"}],"wp:featuredmedia":[{"embeddable":true,"href":"https:\/\/end.pt\/pt\/wp-json\/wp\/v2\/media\/3121"}],"wp:attachment":[{"href":"https:\/\/end.pt\/pt\/wp-json\/wp\/v2\/media?parent=3120"}],"wp:term":[{"taxonomy":"product_cat","embeddable":true,"href":"https:\/\/end.pt\/pt\/wp-json\/wp\/v2\/product_cat?post=3120"},{"taxonomy":"product_tag","embeddable":true,"href":"https:\/\/end.pt\/pt\/wp-json\/wp\/v2\/product_tag?post=3120"}],"curies":[{"name":"wp","href":"https:\/\/api.w.org\/{rel}","templated":true}]}}