{"id":3124,"date":"2019-03-29T22:45:36","date_gmt":"2019-03-29T22:45:36","guid":{"rendered":"https:\/\/end.pt\/pt\/?post_type=product&#038;p=3124"},"modified":"2021-05-02T19:23:36","modified_gmt":"2021-05-02T19:23:36","slug":"medidor-de-campo-magnetico-mp-2000","status":"publish","type":"product","link":"https:\/\/end.pt\/pt\/product\/medidor-de-campo-magnetico-mp-2000\/","title":{"rendered":"MEDIDOR DE CAMPO MAGN\u00c9TICO \u2013 MP-2000"},"content":{"rendered":"<p>Medidor de campo magn\u00e9tico topo de gama, de primeira classe, com sondas externas conect\u00e1veis, axiais ou tangenciais.<br \/>\nO medidor de campo magn\u00e9tico MP-2000 \u00e9 um equipamento avan\u00e7ado muito \u00fatil, desenhado para medi\u00e7\u00f5es precisas on-site de todos os tipos de campos magn\u00e9ticos (campos constantes e alternados, bem como campos pulsantes).<br \/>\nPode ser utilizado com v\u00e1rias sondas tangenciais, axiais ou Reed.<br \/>\nAdequado para magnetismo residual, medi\u00e7\u00e3o de campos magn\u00e9ticos de todos os tipos, e localiza campos perdidos para detec\u00e7\u00e3o de falhas.<br \/>\nCont\u00e9m um menu em v\u00e1rias l\u00ednguas, armazenamento de medi\u00e7\u00f5es em mem\u00f3ria (10.000), interfaces wireless integrados RS232 e USB para documenta\u00e7\u00e3o e passagem dos resultados num PC ou impressora.<br \/>\nFornecido com cabo cabo USB, software gratuito, mala e certificado de calibra\u00e7\u00e3o, est\u00e1 disponivel ainda como op\u00e7\u00e3o um bloco de calibra\u00e7\u00e3o, para verificar a precis\u00e3o do equipamento.<\/p>\n","protected":false},"excerpt":{"rendered":"<p>Medidor de campo magn\u00e9tico topo de gama, de primeira classe, com sondas externas conect\u00e1veis, axiais ou tangenciais. O medidor de campo magn\u00e9tico MP-2000 \u00e9 um equipamento avan\u00e7ado muito \u00fatil, desenhado para medi\u00e7\u00f5es precisas on-site de todos os tipos de campos magn\u00e9ticos (campos constantes e alternados, bem como campos pulsantes). Pode ser utilizado com v\u00e1rias sondas [&hellip;]<\/p>\n","protected":false},"featured_media":3125,"template":"","meta":{"_mi_skip_tracking":false},"product_cat":[42],"product_tag":[],"class_list":["post-3124","product","type-product","status-publish","has-post-thumbnail","hentry","product_cat-medidores-de-magnetismo"],"_links":{"self":[{"href":"https:\/\/end.pt\/pt\/wp-json\/wp\/v3\/product\/3124","targetHints":{"allow":["GET"]}}],"collection":[{"href":"https:\/\/end.pt\/pt\/wp-json\/wp\/v3\/product"}],"about":[{"href":"https:\/\/end.pt\/pt\/wp-json\/wp\/v2\/types\/product"}],"version-history":[{"count":4,"href":"https:\/\/end.pt\/pt\/wp-json\/wp\/v3\/product\/3124\/revisions"}],"predecessor-version":[{"id":5099,"href":"https:\/\/end.pt\/pt\/wp-json\/wp\/v3\/product\/3124\/revisions\/5099"}],"wp:featuredmedia":[{"embeddable":true,"href":"https:\/\/end.pt\/pt\/wp-json\/wp\/v2\/media\/3125"}],"wp:attachment":[{"href":"https:\/\/end.pt\/pt\/wp-json\/wp\/v2\/media?parent=3124"}],"wp:term":[{"taxonomy":"product_cat","embeddable":true,"href":"https:\/\/end.pt\/pt\/wp-json\/wp\/v2\/product_cat?post=3124"},{"taxonomy":"product_tag","embeddable":true,"href":"https:\/\/end.pt\/pt\/wp-json\/wp\/v2\/product_tag?post=3124"}],"curies":[{"name":"wp","href":"https:\/\/api.w.org\/{rel}","templated":true}]}}