{"id":3166,"date":"2019-03-29T23:05:30","date_gmt":"2019-03-29T23:05:30","guid":{"rendered":"https:\/\/end.pt\/pt\/?post_type=product&#038;p=3166"},"modified":"2021-05-02T19:23:24","modified_gmt":"2021-05-02T19:23:24","slug":"ferritscope-fmp30","status":"publish","type":"product","link":"https:\/\/end.pt\/pt\/product\/ferritscope-fmp30\/","title":{"rendered":"FERRITSCOPE FMP30"},"content":{"rendered":"<p>O medidor de ferrite Ferritscope FMP30 mede o teor de ferrite em a\u00e7o de acordo com o m\u00e9todo de indu\u00e7\u00e3o magn\u00e9tica. Todos os componentes magn\u00e9ticos da estrutura de outro modo n\u00e3o-magn\u00e9tica s\u00e3o reconhecidos. \u00c1reas de aplica\u00e7\u00e3o para este equipamento s\u00e3o medi\u00e7\u00f5es on-site de cord\u00f5es de soldadura em tubos de a\u00e7o inoxid\u00e1vel, contentores, caldeiras, e outros produtos feitos de a\u00e7o austen\u00edtico ou duplex. Este equipamento \u00e9 fornecido num conjunto que inclui o equipamento digital FMP30, estojo de transporte, manual de opera\u00e7\u00e3o, sonda FGAB1.3 Fe e conjunto de calibra\u00e7\u00e3o.<\/p>\n","protected":false},"excerpt":{"rendered":"<p>O medidor de ferrite Ferritscope FMP30 mede o teor de ferrite em a\u00e7o de acordo com o m\u00e9todo de indu\u00e7\u00e3o magn\u00e9tica. Todos os componentes magn\u00e9ticos da estrutura de outro modo n\u00e3o-magn\u00e9tica s\u00e3o reconhecidos. \u00c1reas de aplica\u00e7\u00e3o para este equipamento s\u00e3o medi\u00e7\u00f5es on-site de cord\u00f5es de soldadura em tubos de a\u00e7o inoxid\u00e1vel, contentores, caldeiras, e outros [&hellip;]<\/p>\n","protected":false},"featured_media":3167,"template":"","meta":{"_mi_skip_tracking":false},"product_cat":[44],"product_tag":[],"class_list":["post-3166","product","type-product","status-publish","has-post-thumbnail","hentry","product_cat-medidores-de-ferrite"],"_links":{"self":[{"href":"https:\/\/end.pt\/pt\/wp-json\/wp\/v3\/product\/3166","targetHints":{"allow":["GET"]}}],"collection":[{"href":"https:\/\/end.pt\/pt\/wp-json\/wp\/v3\/product"}],"about":[{"href":"https:\/\/end.pt\/pt\/wp-json\/wp\/v2\/types\/product"}],"version-history":[{"count":2,"href":"https:\/\/end.pt\/pt\/wp-json\/wp\/v3\/product\/3166\/revisions"}],"predecessor-version":[{"id":5098,"href":"https:\/\/end.pt\/pt\/wp-json\/wp\/v3\/product\/3166\/revisions\/5098"}],"wp:featuredmedia":[{"embeddable":true,"href":"https:\/\/end.pt\/pt\/wp-json\/wp\/v2\/media\/3167"}],"wp:attachment":[{"href":"https:\/\/end.pt\/pt\/wp-json\/wp\/v2\/media?parent=3166"}],"wp:term":[{"taxonomy":"product_cat","embeddable":true,"href":"https:\/\/end.pt\/pt\/wp-json\/wp\/v2\/product_cat?post=3166"},{"taxonomy":"product_tag","embeddable":true,"href":"https:\/\/end.pt\/pt\/wp-json\/wp\/v2\/product_tag?post=3166"}],"curies":[{"name":"wp","href":"https:\/\/api.w.org\/{rel}","templated":true}]}}