{"id":3170,"date":"2019-03-30T08:51:41","date_gmt":"2019-03-30T08:51:41","guid":{"rendered":"https:\/\/end.pt\/pt\/?post_type=product&#038;p=3170"},"modified":"2019-03-30T08:52:59","modified_gmt":"2019-03-30T08:52:59","slug":"medidor-de-humidade-dm4-a","status":"publish","type":"product","link":"https:\/\/end.pt\/pt\/product\/medidor-de-humidade-dm4-a\/","title":{"rendered":"MEDIDOR DE HUMIDADE \u2013 DM4-A"},"content":{"rendered":"<p style=\"text-align: center;\">Para mais informa\u00e7\u00f5es contate-nos via email ou preencha o nosso formul\u00e1rio.<\/p>\n<p><a href=\"https:\/\/end.pt\/pt\/contatos\/\"><img loading=\"lazy\" decoding=\"async\" class=\"alignnone size-full wp-image-2083 aligncenter\" src=\"https:\/\/end.pt\/pt\/wp-content\/uploads\/2018\/03\/\u00edndice.jpg\" alt=\"\" width=\"80\" height=\"80\" \/><\/a><\/p>\n<p style=\"text-align: center;\"><a href=\"https:\/\/end.pt\/pt\/contatos\/\">clique aqui<\/a><\/p>\n","protected":false},"excerpt":{"rendered":"<p>O medidor de humidade DM4-A , \u00e9 um medidor geral, desenhado para medir a humidade em madeiras, materiais de constru\u00e7\u00e3o, papel, cart\u00e3o, etc. Utiliza o principio capacitivo de medi\u00e7\u00e3o da humidade, tornando-o bastando simples de usar, apenas encost\u00e1-lo ao material e obter o conteudo de humidade m\u00e9dio. Possui um display digital, uma bateria standard de 9V, e corre\u00e7\u00e3o autom\u00e1tica do zero. Auto-calibra\u00e7\u00e3o com os blocos de teste PE05 e PE30.<\/p>\n","protected":false},"featured_media":3171,"template":"","meta":{"_mi_skip_tracking":false},"product_cat":[45],"product_tag":[],"class_list":["post-3170","product","type-product","status-publish","has-post-thumbnail","hentry","product_cat-medidores-de-humidade"],"_links":{"self":[{"href":"https:\/\/end.pt\/pt\/wp-json\/wp\/v3\/product\/3170","targetHints":{"allow":["GET"]}}],"collection":[{"href":"https:\/\/end.pt\/pt\/wp-json\/wp\/v3\/product"}],"about":[{"href":"https:\/\/end.pt\/pt\/wp-json\/wp\/v2\/types\/product"}],"version-history":[{"count":2,"href":"https:\/\/end.pt\/pt\/wp-json\/wp\/v3\/product\/3170\/revisions"}],"predecessor-version":[{"id":3173,"href":"https:\/\/end.pt\/pt\/wp-json\/wp\/v3\/product\/3170\/revisions\/3173"}],"wp:featuredmedia":[{"embeddable":true,"href":"https:\/\/end.pt\/pt\/wp-json\/wp\/v2\/media\/3171"}],"wp:attachment":[{"href":"https:\/\/end.pt\/pt\/wp-json\/wp\/v2\/media?parent=3170"}],"wp:term":[{"taxonomy":"product_cat","embeddable":true,"href":"https:\/\/end.pt\/pt\/wp-json\/wp\/v2\/product_cat?post=3170"},{"taxonomy":"product_tag","embeddable":true,"href":"https:\/\/end.pt\/pt\/wp-json\/wp\/v2\/product_tag?post=3170"}],"curies":[{"name":"wp","href":"https:\/\/api.w.org\/{rel}","templated":true}]}}