{"id":3174,"date":"2019-03-30T08:53:34","date_gmt":"2019-03-30T08:53:34","guid":{"rendered":"https:\/\/end.pt\/pt\/?post_type=product&#038;p=3174"},"modified":"2021-05-02T19:23:08","modified_gmt":"2021-05-02T19:23:08","slug":"medidor-de-humidade-011","status":"publish","type":"product","link":"https:\/\/end.pt\/pt\/product\/medidor-de-humidade-011\/","title":{"rendered":"MEDIDOR DE HUMIDADE NEVE \u2013 011"},"content":{"rendered":"<p>O medidor de humidade  011, \u00e9 um medidor com display digital, espec\u00edfico para medir a humidade em neve.<\/p>\n<p>Equipamento de medi\u00e7\u00e3o r\u00e1pido e fi\u00e1vel &#8211; basta colocar o mesmo na neve e ler o teor de humidade \u2013 ser\u00e1 medida uma m\u00e9dia de humidade at\u00e9 uma profundidade de aprox. 3 cm.<\/p>\n<p>Utiliza o princ\u00edpio capacitivo de medi\u00e7\u00e3o da humidade, \u00e9 robusto e resistente a quedas e a descargas electrost\u00e1ticas, e possui ajuste de offset com o teclado, baterias normais de 9V, e corre\u00e7\u00e3o autom\u00e1tica do zero.<\/p>\n<p>O equipamento tem uma interface USB para liga\u00e7\u00e3o ao PC, e com um software opcional DOSOFT, diferentes par\u00e2metros podem ser executados, e tamb\u00e9m valores medidos e guardados podem ser transferidos para o PC para an\u00e1lise e armazenamento no disco r\u00edgido.<\/p>\n<p>O equipamento pode ser calibrado com o m\u00f3dulo de calibra\u00e7\u00e3o opcional PE05.<\/p>\n","protected":false},"excerpt":{"rendered":"<p>O medidor de humidade 011, \u00e9 um medidor com display digital, espec\u00edfico para medir a humidade em neve. Equipamento de medi\u00e7\u00e3o r\u00e1pido e fi\u00e1vel &#8211; basta colocar o mesmo na neve e ler o teor de humidade \u2013 ser\u00e1 medida uma m\u00e9dia de humidade at\u00e9 uma profundidade de aprox. 3 cm. Utiliza o princ\u00edpio capacitivo [&hellip;]<\/p>\n","protected":false},"featured_media":4807,"template":"","meta":{"_mi_skip_tracking":false},"product_cat":[45],"product_tag":[],"class_list":["post-3174","product","type-product","status-publish","has-post-thumbnail","hentry","product_cat-medidores-de-humidade"],"_links":{"self":[{"href":"https:\/\/end.pt\/pt\/wp-json\/wp\/v3\/product\/3174","targetHints":{"allow":["GET"]}}],"collection":[{"href":"https:\/\/end.pt\/pt\/wp-json\/wp\/v3\/product"}],"about":[{"href":"https:\/\/end.pt\/pt\/wp-json\/wp\/v2\/types\/product"}],"version-history":[{"count":5,"href":"https:\/\/end.pt\/pt\/wp-json\/wp\/v3\/product\/3174\/revisions"}],"predecessor-version":[{"id":5097,"href":"https:\/\/end.pt\/pt\/wp-json\/wp\/v3\/product\/3174\/revisions\/5097"}],"wp:featuredmedia":[{"embeddable":true,"href":"https:\/\/end.pt\/pt\/wp-json\/wp\/v2\/media\/4807"}],"wp:attachment":[{"href":"https:\/\/end.pt\/pt\/wp-json\/wp\/v2\/media?parent=3174"}],"wp:term":[{"taxonomy":"product_cat","embeddable":true,"href":"https:\/\/end.pt\/pt\/wp-json\/wp\/v2\/product_cat?post=3174"},{"taxonomy":"product_tag","embeddable":true,"href":"https:\/\/end.pt\/pt\/wp-json\/wp\/v2\/product_tag?post=3174"}],"curies":[{"name":"wp","href":"https:\/\/api.w.org\/{rel}","templated":true}]}}