{"id":3181,"date":"2019-03-30T08:59:27","date_gmt":"2019-03-30T08:59:27","guid":{"rendered":"https:\/\/end.pt\/pt\/?post_type=product&#038;p=3181"},"modified":"2021-05-02T19:22:54","modified_gmt":"2021-05-02T19:22:54","slug":"medidor-de-humidade-universal-ad4a","status":"publish","type":"product","link":"https:\/\/end.pt\/pt\/product\/medidor-de-humidade-universal-ad4a\/","title":{"rendered":"MEDIDOR DE HUMIDADE UNIVERSAL \u2013 AD4A"},"content":{"rendered":"<p>O medidor de humidade universal AD4A mede o conteudo de humidade em madeira, materiais de constru\u00e7\u00e3o, papel, cart\u00e3o, e outros materiais, e para mede a humidade relativa, temperatura do ar, ponto de orvalho e temperatura na superficie do material sem o danificar. Utiliza o principio capacitivo de medi\u00e7\u00e3o da humidade, e possui um grande display anal\u00f3gico e digital, ajuste de material atrav\u00e9s de manipulo, corre\u00e7\u00e3o autom\u00e1tica do zero, e baterias normais de 9V. Auto-calibra\u00e7\u00e3o com uso dos blocos de teste PE05 e PE30.<\/p>\n","protected":false},"excerpt":{"rendered":"<p>O medidor de humidade universal AD4A mede o conteudo de humidade em madeira, materiais de constru\u00e7\u00e3o, papel, cart\u00e3o, e outros materiais, e para mede a humidade relativa, temperatura do ar, ponto de orvalho e temperatura na superficie do material sem o danificar. Utiliza o principio capacitivo de medi\u00e7\u00e3o da humidade, e possui um grande display [&hellip;]<\/p>\n","protected":false},"featured_media":3182,"template":"","meta":{"_mi_skip_tracking":false},"product_cat":[45],"product_tag":[],"class_list":["post-3181","product","type-product","status-publish","has-post-thumbnail","hentry","product_cat-medidores-de-humidade"],"_links":{"self":[{"href":"https:\/\/end.pt\/pt\/wp-json\/wp\/v3\/product\/3181","targetHints":{"allow":["GET"]}}],"collection":[{"href":"https:\/\/end.pt\/pt\/wp-json\/wp\/v3\/product"}],"about":[{"href":"https:\/\/end.pt\/pt\/wp-json\/wp\/v2\/types\/product"}],"version-history":[{"count":3,"href":"https:\/\/end.pt\/pt\/wp-json\/wp\/v3\/product\/3181\/revisions"}],"predecessor-version":[{"id":5095,"href":"https:\/\/end.pt\/pt\/wp-json\/wp\/v3\/product\/3181\/revisions\/5095"}],"wp:featuredmedia":[{"embeddable":true,"href":"https:\/\/end.pt\/pt\/wp-json\/wp\/v2\/media\/3182"}],"wp:attachment":[{"href":"https:\/\/end.pt\/pt\/wp-json\/wp\/v2\/media?parent=3181"}],"wp:term":[{"taxonomy":"product_cat","embeddable":true,"href":"https:\/\/end.pt\/pt\/wp-json\/wp\/v2\/product_cat?post=3181"},{"taxonomy":"product_tag","embeddable":true,"href":"https:\/\/end.pt\/pt\/wp-json\/wp\/v2\/product_tag?post=3181"}],"curies":[{"name":"wp","href":"https:\/\/api.w.org\/{rel}","templated":true}]}}