{"id":3185,"date":"2019-03-30T09:03:16","date_gmt":"2019-03-30T09:03:16","guid":{"rendered":"https:\/\/end.pt\/pt\/?post_type=product&#038;p=3185"},"modified":"2021-05-02T19:22:39","modified_gmt":"2021-05-02T19:22:39","slug":"medidor-de-humidade-dm7-al","status":"publish","type":"product","link":"https:\/\/end.pt\/pt\/product\/medidor-de-humidade-dm7-al\/","title":{"rendered":"MEDIDOR DE HUMIDADE \u2013 DM7-AL"},"content":{"rendered":"<p>O medidor de humidade DM7-AL , \u00e9 um medidor digital espec\u00edfico para medir a humidade em cart\u00e3o, papel\u00e3o, folheados (Veneers), etc. Utiliza o principio capacitivo de medi\u00e7\u00e3o da humidade, tornando-o muito simples de usar, bastando apenas pression\u00e1-lo ao material e ler o valor. Possui um display digital, bateria standard de 9V, e corre\u00e7\u00e3o autom\u00e1tica do zero. Para calibra\u00e7\u00e3o utilizar o bloco de teste PE35-7.<\/p>\n","protected":false},"excerpt":{"rendered":"<p>O medidor de humidade DM7-AL , \u00e9 um medidor digital espec\u00edfico para medir a humidade em cart\u00e3o, papel\u00e3o, folheados (Veneers), etc. Utiliza o principio capacitivo de medi\u00e7\u00e3o da humidade, tornando-o muito simples de usar, bastando apenas pression\u00e1-lo ao material e ler o valor. Possui um display digital, bateria standard de 9V, e corre\u00e7\u00e3o autom\u00e1tica do [&hellip;]<\/p>\n","protected":false},"featured_media":3186,"template":"","meta":{"_mi_skip_tracking":false},"product_cat":[45],"product_tag":[],"class_list":["post-3185","product","type-product","status-publish","has-post-thumbnail","hentry","product_cat-medidores-de-humidade"],"_links":{"self":[{"href":"https:\/\/end.pt\/pt\/wp-json\/wp\/v3\/product\/3185","targetHints":{"allow":["GET"]}}],"collection":[{"href":"https:\/\/end.pt\/pt\/wp-json\/wp\/v3\/product"}],"about":[{"href":"https:\/\/end.pt\/pt\/wp-json\/wp\/v2\/types\/product"}],"version-history":[{"count":2,"href":"https:\/\/end.pt\/pt\/wp-json\/wp\/v3\/product\/3185\/revisions"}],"predecessor-version":[{"id":5094,"href":"https:\/\/end.pt\/pt\/wp-json\/wp\/v3\/product\/3185\/revisions\/5094"}],"wp:featuredmedia":[{"embeddable":true,"href":"https:\/\/end.pt\/pt\/wp-json\/wp\/v2\/media\/3186"}],"wp:attachment":[{"href":"https:\/\/end.pt\/pt\/wp-json\/wp\/v2\/media?parent=3185"}],"wp:term":[{"taxonomy":"product_cat","embeddable":true,"href":"https:\/\/end.pt\/pt\/wp-json\/wp\/v2\/product_cat?post=3185"},{"taxonomy":"product_tag","embeddable":true,"href":"https:\/\/end.pt\/pt\/wp-json\/wp\/v2\/product_tag?post=3185"}],"curies":[{"name":"wp","href":"https:\/\/api.w.org\/{rel}","templated":true}]}}