{"id":3188,"date":"2019-03-30T09:04:39","date_gmt":"2019-03-30T09:04:39","guid":{"rendered":"https:\/\/end.pt\/pt\/?post_type=product&#038;p=3188"},"modified":"2021-05-02T19:22:25","modified_gmt":"2021-05-02T19:22:25","slug":"medidor-de-humidade-c-electrodo-ds3-al","status":"publish","type":"product","link":"https:\/\/end.pt\/pt\/product\/medidor-de-humidade-c-electrodo-ds3-al\/","title":{"rendered":"MEDIDOR DE HUMIDADE C\/EL\u00c9CTRODO \u2013 DS3-AL"},"content":{"rendered":"<p>O medidor de humidade DS3-AL , \u00e9 um medidor espec\u00edfico para medir a humidade em pilhas de papel\u00e3o e pilhas de papel. Utiliza o principio capacitivo de medi\u00e7\u00e3o da humidade, e possui um el\u00e9ctrodo plano e afiado tipo espada, bem como um display digital, bateria standard de 9V, e corre\u00e7\u00e3o autom\u00e1tica do zero. Auto-calibra\u00e7\u00e3o com uso do bloco de teste PE-PD3.<\/p>\n","protected":false},"excerpt":{"rendered":"<p>O medidor de humidade DS3-AL , \u00e9 um medidor espec\u00edfico para medir a humidade em pilhas de papel\u00e3o e pilhas de papel. Utiliza o principio capacitivo de medi\u00e7\u00e3o da humidade, e possui um el\u00e9ctrodo plano e afiado tipo espada, bem como um display digital, bateria standard de 9V, e corre\u00e7\u00e3o autom\u00e1tica do zero. Auto-calibra\u00e7\u00e3o com [&hellip;]<\/p>\n","protected":false},"featured_media":3189,"template":"","meta":{"_mi_skip_tracking":false},"product_cat":[45],"product_tag":[],"class_list":["post-3188","product","type-product","status-publish","has-post-thumbnail","hentry","product_cat-medidores-de-humidade"],"_links":{"self":[{"href":"https:\/\/end.pt\/pt\/wp-json\/wp\/v3\/product\/3188","targetHints":{"allow":["GET"]}}],"collection":[{"href":"https:\/\/end.pt\/pt\/wp-json\/wp\/v3\/product"}],"about":[{"href":"https:\/\/end.pt\/pt\/wp-json\/wp\/v2\/types\/product"}],"version-history":[{"count":2,"href":"https:\/\/end.pt\/pt\/wp-json\/wp\/v3\/product\/3188\/revisions"}],"predecessor-version":[{"id":5093,"href":"https:\/\/end.pt\/pt\/wp-json\/wp\/v3\/product\/3188\/revisions\/5093"}],"wp:featuredmedia":[{"embeddable":true,"href":"https:\/\/end.pt\/pt\/wp-json\/wp\/v2\/media\/3189"}],"wp:attachment":[{"href":"https:\/\/end.pt\/pt\/wp-json\/wp\/v2\/media?parent=3188"}],"wp:term":[{"taxonomy":"product_cat","embeddable":true,"href":"https:\/\/end.pt\/pt\/wp-json\/wp\/v2\/product_cat?post=3188"},{"taxonomy":"product_tag","embeddable":true,"href":"https:\/\/end.pt\/pt\/wp-json\/wp\/v2\/product_tag?post=3188"}],"curies":[{"name":"wp","href":"https:\/\/api.w.org\/{rel}","templated":true}]}}