{"id":3191,"date":"2019-03-30T09:05:36","date_gmt":"2019-03-30T09:05:36","guid":{"rendered":"https:\/\/end.pt\/pt\/?post_type=product&#038;p=3191"},"modified":"2021-05-02T19:22:05","modified_gmt":"2021-05-02T19:22:05","slug":"medidor-de-humidade-c-electrodo-ds5-al","status":"publish","type":"product","link":"https:\/\/end.pt\/pt\/product\/medidor-de-humidade-c-electrodo-ds5-al\/","title":{"rendered":"MEDIDOR DE HUMIDADE C\/EL\u00c9CTRODO \u2013 DS5-AL"},"content":{"rendered":"<p>O medidor de humidade DS5-AL , \u00e9 um medidor espec\u00edfico para medir a humidade em res\u00edduos de papel, aparas de madeira, aglomerados. Utiliza o principio capacitivo de medi\u00e7\u00e3o da humidade, e possui um el\u00e9ctrodo afiado tipo haste, bem como um display digital, bateria standard de 9V, e corre\u00e7\u00e3o autom\u00e1tica do zero. Auto-calibra\u00e7\u00e3o com uso do bloco de teste PE50R.<\/p>\n","protected":false},"excerpt":{"rendered":"<p>O medidor de humidade DS5-AL , \u00e9 um medidor espec\u00edfico para medir a humidade em res\u00edduos de papel, aparas de madeira, aglomerados. Utiliza o principio capacitivo de medi\u00e7\u00e3o da humidade, e possui um el\u00e9ctrodo afiado tipo haste, bem como um display digital, bateria standard de 9V, e corre\u00e7\u00e3o autom\u00e1tica do zero. Auto-calibra\u00e7\u00e3o com uso do [&hellip;]<\/p>\n","protected":false},"featured_media":3192,"template":"","meta":{"_mi_skip_tracking":false},"product_cat":[45],"product_tag":[],"class_list":["post-3191","product","type-product","status-publish","has-post-thumbnail","hentry","product_cat-medidores-de-humidade"],"_links":{"self":[{"href":"https:\/\/end.pt\/pt\/wp-json\/wp\/v3\/product\/3191","targetHints":{"allow":["GET"]}}],"collection":[{"href":"https:\/\/end.pt\/pt\/wp-json\/wp\/v3\/product"}],"about":[{"href":"https:\/\/end.pt\/pt\/wp-json\/wp\/v2\/types\/product"}],"version-history":[{"count":2,"href":"https:\/\/end.pt\/pt\/wp-json\/wp\/v3\/product\/3191\/revisions"}],"predecessor-version":[{"id":5092,"href":"https:\/\/end.pt\/pt\/wp-json\/wp\/v3\/product\/3191\/revisions\/5092"}],"wp:featuredmedia":[{"embeddable":true,"href":"https:\/\/end.pt\/pt\/wp-json\/wp\/v2\/media\/3192"}],"wp:attachment":[{"href":"https:\/\/end.pt\/pt\/wp-json\/wp\/v2\/media?parent=3191"}],"wp:term":[{"taxonomy":"product_cat","embeddable":true,"href":"https:\/\/end.pt\/pt\/wp-json\/wp\/v2\/product_cat?post=3191"},{"taxonomy":"product_tag","embeddable":true,"href":"https:\/\/end.pt\/pt\/wp-json\/wp\/v2\/product_tag?post=3191"}],"curies":[{"name":"wp","href":"https:\/\/api.w.org\/{rel}","templated":true}]}}