{"id":3198,"date":"2019-03-30T09:07:51","date_gmt":"2019-03-30T09:07:51","guid":{"rendered":"https:\/\/end.pt\/pt\/?post_type=product&#038;p=3198"},"modified":"2021-05-02T19:21:00","modified_gmt":"2021-05-02T19:21:00","slug":"medidor-de-humidade-ds18-cms22","status":"publish","type":"product","link":"https:\/\/end.pt\/pt\/product\/medidor-de-humidade-ds18-cms22\/","title":{"rendered":"MEDIDOR DE HUMIDADE \u2013 DS18-CMS22"},"content":{"rendered":"<p>O medidor de humidade DS18-CMS22 , \u00e9 um medidor espec\u00edfico para medir a humidade em aparas de madeira, lascas de madeira, gr\u00e3os e serradura, utilizando um sensor tipo vara com comprimento vari\u00e1vel (CMS22) A unidade de controlo DS18 possui um display digital, bateria standard de 9V, corre\u00e7\u00e3o autom\u00e1tica do zero, e v\u00e1rias curvas de calibra\u00e7\u00e3o j\u00e1 implementadas. O sensor em vara CMS22 utiliza o principio capacitivo de medi\u00e7\u00e3o da humidade, e tem comprimento vari\u00e1vel, com a calibra\u00e7\u00e3o a ser feito com uso do bloco de teste PE22.<\/p>\n","protected":false},"excerpt":{"rendered":"<p>O medidor de humidade DS18-CMS22 , \u00e9 um medidor espec\u00edfico para medir a humidade em aparas de madeira, lascas de madeira, gr\u00e3os e serradura, utilizando um sensor tipo vara com comprimento vari\u00e1vel (CMS22) A unidade de controlo DS18 possui um display digital, bateria standard de 9V, corre\u00e7\u00e3o autom\u00e1tica do zero, e v\u00e1rias curvas de calibra\u00e7\u00e3o [&hellip;]<\/p>\n","protected":false},"featured_media":3199,"template":"","meta":{"_mi_skip_tracking":false},"product_cat":[45],"product_tag":[],"class_list":["post-3198","product","type-product","status-publish","has-post-thumbnail","hentry","product_cat-medidores-de-humidade"],"_links":{"self":[{"href":"https:\/\/end.pt\/pt\/wp-json\/wp\/v3\/product\/3198","targetHints":{"allow":["GET"]}}],"collection":[{"href":"https:\/\/end.pt\/pt\/wp-json\/wp\/v3\/product"}],"about":[{"href":"https:\/\/end.pt\/pt\/wp-json\/wp\/v2\/types\/product"}],"version-history":[{"count":2,"href":"https:\/\/end.pt\/pt\/wp-json\/wp\/v3\/product\/3198\/revisions"}],"predecessor-version":[{"id":5091,"href":"https:\/\/end.pt\/pt\/wp-json\/wp\/v3\/product\/3198\/revisions\/5091"}],"wp:featuredmedia":[{"embeddable":true,"href":"https:\/\/end.pt\/pt\/wp-json\/wp\/v2\/media\/3199"}],"wp:attachment":[{"href":"https:\/\/end.pt\/pt\/wp-json\/wp\/v2\/media?parent=3198"}],"wp:term":[{"taxonomy":"product_cat","embeddable":true,"href":"https:\/\/end.pt\/pt\/wp-json\/wp\/v2\/product_cat?post=3198"},{"taxonomy":"product_tag","embeddable":true,"href":"https:\/\/end.pt\/pt\/wp-json\/wp\/v2\/product_tag?post=3198"}],"curies":[{"name":"wp","href":"https:\/\/api.w.org\/{rel}","templated":true}]}}