{"id":3201,"date":"2019-03-30T09:08:49","date_gmt":"2019-03-30T09:08:49","guid":{"rendered":"https:\/\/end.pt\/pt\/?post_type=product&#038;p=3201"},"modified":"2021-05-02T19:20:46","modified_gmt":"2021-05-02T19:20:46","slug":"medidor-de-humidade-h24-70","status":"publish","type":"product","link":"https:\/\/end.pt\/pt\/product\/medidor-de-humidade-h24-70\/","title":{"rendered":"MEDIDOR DE HUMIDADE \u2013 H24\/70"},"content":{"rendered":"<p>O medidor de humidade H24\/70 , \u00e9 um medidor anal\u00f3gico espec\u00edfico para madeiras e lenha. Utiliza o principio capacitivo de medi\u00e7\u00e3o da humidade, tornando-o muito simples de usar, bastando apenas pression\u00e1-lo ao material e ler o valor. Possui um grande display anal\u00f3gico, ajuste de material atrav\u00e9s de manipulo, corre\u00e7\u00e3o autom\u00e1tica do zero, programa\u00e7\u00e3o de alarme para um valor limite e bateria standard de 9V. Para calibra\u00e7\u00e3o utilizar o bloco de teste PE30.<\/p>\n","protected":false},"excerpt":{"rendered":"<p>O medidor de humidade H24\/70 , \u00e9 um medidor anal\u00f3gico espec\u00edfico para madeiras e lenha. Utiliza o principio capacitivo de medi\u00e7\u00e3o da humidade, tornando-o muito simples de usar, bastando apenas pression\u00e1-lo ao material e ler o valor. Possui um grande display anal\u00f3gico, ajuste de material atrav\u00e9s de manipulo, corre\u00e7\u00e3o autom\u00e1tica do zero, programa\u00e7\u00e3o de alarme [&hellip;]<\/p>\n","protected":false},"featured_media":3202,"template":"","meta":{"_mi_skip_tracking":false},"product_cat":[45],"product_tag":[],"class_list":["post-3201","product","type-product","status-publish","has-post-thumbnail","hentry","product_cat-medidores-de-humidade"],"_links":{"self":[{"href":"https:\/\/end.pt\/pt\/wp-json\/wp\/v3\/product\/3201","targetHints":{"allow":["GET"]}}],"collection":[{"href":"https:\/\/end.pt\/pt\/wp-json\/wp\/v3\/product"}],"about":[{"href":"https:\/\/end.pt\/pt\/wp-json\/wp\/v2\/types\/product"}],"version-history":[{"count":2,"href":"https:\/\/end.pt\/pt\/wp-json\/wp\/v3\/product\/3201\/revisions"}],"predecessor-version":[{"id":5090,"href":"https:\/\/end.pt\/pt\/wp-json\/wp\/v3\/product\/3201\/revisions\/5090"}],"wp:featuredmedia":[{"embeddable":true,"href":"https:\/\/end.pt\/pt\/wp-json\/wp\/v2\/media\/3202"}],"wp:attachment":[{"href":"https:\/\/end.pt\/pt\/wp-json\/wp\/v2\/media?parent=3201"}],"wp:term":[{"taxonomy":"product_cat","embeddable":true,"href":"https:\/\/end.pt\/pt\/wp-json\/wp\/v2\/product_cat?post=3201"},{"taxonomy":"product_tag","embeddable":true,"href":"https:\/\/end.pt\/pt\/wp-json\/wp\/v2\/product_tag?post=3201"}],"curies":[{"name":"wp","href":"https:\/\/api.w.org\/{rel}","templated":true}]}}