{"id":3204,"date":"2019-03-30T09:09:57","date_gmt":"2019-03-30T09:09:57","guid":{"rendered":"https:\/\/end.pt\/pt\/?post_type=product&#038;p=3204"},"modified":"2021-05-02T19:20:31","modified_gmt":"2021-05-02T19:20:31","slug":"medidor-de-humidade-hd1","status":"publish","type":"product","link":"https:\/\/end.pt\/pt\/product\/medidor-de-humidade-hd1\/","title":{"rendered":"MEDIDOR DE HUMIDADE \u2013 HD1"},"content":{"rendered":"<p>O medidor de humidade HD1 , \u00e9 um medidor anal\u00f3gico muito est\u00e1vel espec\u00edfico para madeiras e lenha. Utiliza o principio capacitivo de medi\u00e7\u00e3o da humidade, tornando-o muito simples de usar, bastando apenas pression\u00e1-lo ao material e ler o valor. \u00c9 a vers\u00e3o mais robusta e \u00e9 especialmente resistente a descargas electrost\u00e1ticas. Possui um grande display anal\u00f3gico e uma grande gama de medi\u00e7\u00e3o, ajuste de offset atrav\u00e9s de manipulo, e bateria standard de 9V. Para calibra\u00e7\u00e3o utilizar o bloco de teste PE30.<\/p>\n","protected":false},"excerpt":{"rendered":"<p>O medidor de humidade HD1 , \u00e9 um medidor anal\u00f3gico muito est\u00e1vel espec\u00edfico para madeiras e lenha. Utiliza o principio capacitivo de medi\u00e7\u00e3o da humidade, tornando-o muito simples de usar, bastando apenas pression\u00e1-lo ao material e ler o valor. \u00c9 a vers\u00e3o mais robusta e \u00e9 especialmente resistente a descargas electrost\u00e1ticas. Possui um grande display [&hellip;]<\/p>\n","protected":false},"featured_media":3205,"template":"","meta":{"_mi_skip_tracking":false},"product_cat":[45],"product_tag":[],"class_list":["post-3204","product","type-product","status-publish","has-post-thumbnail","hentry","product_cat-medidores-de-humidade"],"_links":{"self":[{"href":"https:\/\/end.pt\/pt\/wp-json\/wp\/v3\/product\/3204","targetHints":{"allow":["GET"]}}],"collection":[{"href":"https:\/\/end.pt\/pt\/wp-json\/wp\/v3\/product"}],"about":[{"href":"https:\/\/end.pt\/pt\/wp-json\/wp\/v2\/types\/product"}],"version-history":[{"count":3,"href":"https:\/\/end.pt\/pt\/wp-json\/wp\/v3\/product\/3204\/revisions"}],"predecessor-version":[{"id":5089,"href":"https:\/\/end.pt\/pt\/wp-json\/wp\/v3\/product\/3204\/revisions\/5089"}],"wp:featuredmedia":[{"embeddable":true,"href":"https:\/\/end.pt\/pt\/wp-json\/wp\/v2\/media\/3205"}],"wp:attachment":[{"href":"https:\/\/end.pt\/pt\/wp-json\/wp\/v2\/media?parent=3204"}],"wp:term":[{"taxonomy":"product_cat","embeddable":true,"href":"https:\/\/end.pt\/pt\/wp-json\/wp\/v2\/product_cat?post=3204"},{"taxonomy":"product_tag","embeddable":true,"href":"https:\/\/end.pt\/pt\/wp-json\/wp\/v2\/product_tag?post=3204"}],"curies":[{"name":"wp","href":"https:\/\/api.w.org\/{rel}","templated":true}]}}