{"id":3207,"date":"2019-03-30T09:11:22","date_gmt":"2019-03-30T09:11:22","guid":{"rendered":"https:\/\/end.pt\/pt\/?post_type=product&#038;p=3207"},"modified":"2021-05-02T19:19:55","modified_gmt":"2021-05-02T19:19:55","slug":"medidor-de-humidade-lwm2","status":"publish","type":"product","link":"https:\/\/end.pt\/pt\/product\/medidor-de-humidade-lwm2\/","title":{"rendered":"MEDIDOR DE HUMIDADE \u2013 LWM2"},"content":{"rendered":"<p>O medidor de humidade LWM2 , \u00e9 um medidor que utiliza o principio capacitivo de medi\u00e7\u00e3o da condutividade, utilizando v\u00e1rios el\u00e9ctrodos para efectuar a medi\u00e7\u00e3o em madeira, materiais de constru\u00e7\u00e3o, papel, cart\u00e3o, etc. Utiliza el\u00e9ctrodos diferentes para medi\u00e7\u00f5es diferentes.<\/p>\n","protected":false},"excerpt":{"rendered":"<p>O medidor de humidade LWM2 , \u00e9 um medidor que utiliza o principio capacitivo de medi\u00e7\u00e3o da condutividade, utilizando v\u00e1rios el\u00e9ctrodos para efectuar a medi\u00e7\u00e3o em madeira, materiais de constru\u00e7\u00e3o, papel, cart\u00e3o, etc. Utiliza el\u00e9ctrodos diferentes para medi\u00e7\u00f5es diferentes.<\/p>\n","protected":false},"featured_media":3208,"template":"","meta":{"_mi_skip_tracking":false},"product_cat":[45],"product_tag":[],"class_list":["post-3207","product","type-product","status-publish","has-post-thumbnail","hentry","product_cat-medidores-de-humidade"],"_links":{"self":[{"href":"https:\/\/end.pt\/pt\/wp-json\/wp\/v3\/product\/3207","targetHints":{"allow":["GET"]}}],"collection":[{"href":"https:\/\/end.pt\/pt\/wp-json\/wp\/v3\/product"}],"about":[{"href":"https:\/\/end.pt\/pt\/wp-json\/wp\/v2\/types\/product"}],"version-history":[{"count":2,"href":"https:\/\/end.pt\/pt\/wp-json\/wp\/v3\/product\/3207\/revisions"}],"predecessor-version":[{"id":5087,"href":"https:\/\/end.pt\/pt\/wp-json\/wp\/v3\/product\/3207\/revisions\/5087"}],"wp:featuredmedia":[{"embeddable":true,"href":"https:\/\/end.pt\/pt\/wp-json\/wp\/v2\/media\/3208"}],"wp:attachment":[{"href":"https:\/\/end.pt\/pt\/wp-json\/wp\/v2\/media?parent=3207"}],"wp:term":[{"taxonomy":"product_cat","embeddable":true,"href":"https:\/\/end.pt\/pt\/wp-json\/wp\/v2\/product_cat?post=3207"},{"taxonomy":"product_tag","embeddable":true,"href":"https:\/\/end.pt\/pt\/wp-json\/wp\/v2\/product_tag?post=3207"}],"curies":[{"name":"wp","href":"https:\/\/api.w.org\/{rel}","templated":true}]}}