{"id":3213,"date":"2019-03-30T09:13:31","date_gmt":"2019-03-30T09:13:31","guid":{"rendered":"https:\/\/end.pt\/pt\/?post_type=product&#038;p=3213"},"modified":"2021-05-02T19:18:53","modified_gmt":"2021-05-02T19:18:53","slug":"medidor-de-humidade-pd1-al","status":"publish","type":"product","link":"https:\/\/end.pt\/pt\/product\/medidor-de-humidade-pd1-al\/","title":{"rendered":"MEDIDOR DE HUMIDADE \u2013 PD1-AL"},"content":{"rendered":"<p>O medidor de humidade PD1-AL , \u00e9 um medidor anal\u00f3gico espec\u00edfico para papel e cart\u00e3o. Utiliza o principio capacitivo de medi\u00e7\u00e3o da humidade, tornando-o muito simples de usar, bastando apenas pression\u00e1-lo ao material e ler o valor. Este modelo \u00e9 muito robusto e resistente a descargas electrost\u00e1ticas,e possui um grande display digital, uma vasta gama de medi\u00e7\u00e3o, ajuste do offset atrav\u00e9s de manipulo, sem ajuste adicional do zero, e bateria standard de 9V. Para calibra\u00e7\u00e3o utilizar o bloco de teste PE30.<\/p>\n","protected":false},"excerpt":{"rendered":"<p>O medidor de humidade PD1-AL , \u00e9 um medidor anal\u00f3gico espec\u00edfico para papel e cart\u00e3o. Utiliza o principio capacitivo de medi\u00e7\u00e3o da humidade, tornando-o muito simples de usar, bastando apenas pression\u00e1-lo ao material e ler o valor. Este modelo \u00e9 muito robusto e resistente a descargas electrost\u00e1ticas,e possui um grande display digital, uma vasta gama [&hellip;]<\/p>\n","protected":false},"featured_media":3214,"template":"","meta":{"_mi_skip_tracking":false},"product_cat":[45],"product_tag":[],"class_list":["post-3213","product","type-product","status-publish","has-post-thumbnail","hentry","product_cat-medidores-de-humidade"],"_links":{"self":[{"href":"https:\/\/end.pt\/pt\/wp-json\/wp\/v3\/product\/3213","targetHints":{"allow":["GET"]}}],"collection":[{"href":"https:\/\/end.pt\/pt\/wp-json\/wp\/v3\/product"}],"about":[{"href":"https:\/\/end.pt\/pt\/wp-json\/wp\/v2\/types\/product"}],"version-history":[{"count":2,"href":"https:\/\/end.pt\/pt\/wp-json\/wp\/v3\/product\/3213\/revisions"}],"predecessor-version":[{"id":5085,"href":"https:\/\/end.pt\/pt\/wp-json\/wp\/v3\/product\/3213\/revisions\/5085"}],"wp:featuredmedia":[{"embeddable":true,"href":"https:\/\/end.pt\/pt\/wp-json\/wp\/v2\/media\/3214"}],"wp:attachment":[{"href":"https:\/\/end.pt\/pt\/wp-json\/wp\/v2\/media?parent=3213"}],"wp:term":[{"taxonomy":"product_cat","embeddable":true,"href":"https:\/\/end.pt\/pt\/wp-json\/wp\/v2\/product_cat?post=3213"},{"taxonomy":"product_tag","embeddable":true,"href":"https:\/\/end.pt\/pt\/wp-json\/wp\/v2\/product_tag?post=3213"}],"curies":[{"name":"wp","href":"https:\/\/api.w.org\/{rel}","templated":true}]}}