{"id":3216,"date":"2019-03-30T09:15:04","date_gmt":"2019-03-30T09:15:04","guid":{"rendered":"https:\/\/end.pt\/pt\/?post_type=product&#038;p=3216"},"modified":"2021-05-02T19:18:31","modified_gmt":"2021-05-02T19:18:31","slug":"medidor-de-intensidade-de-luz-branca-negra-accumax-xrp-3000","status":"publish","type":"product","link":"https:\/\/end.pt\/pt\/product\/medidor-de-intensidade-de-luz-branca-negra-accumax-xrp-3000\/","title":{"rendered":"MEDIDOR DE INTENSIDADE DE LUZ BRANCA\/NEGRA \u2013 AccuMAX XRP-3000"},"content":{"rendered":"<p>O medidor port\u00e1til de intensidade de luz AccuMAX XRP-3000 \u00e9 preciso, robusto, e vers\u00e1til, e foi desenvolvido especialmente para aplica\u00e7\u00f5es de engenharia no campo dos ensaios n\u00e3o destrutivos, tal como no campo da radiografia industrial, para medi\u00e7\u00e3o do valor da luz nos negatosc\u00f3pios, utilizando o sensor \u201cXS-555L\u201d, que pode medir a intensidade luminosa em cd\/m2, cd\/ft2, fL. Possui um duplo sensor com uma gama de medi\u00e7\u00f5es 0-100 m\/wcm2 e 0-5,300 lux, e \u00e9 fornecido num conjunto que inclui o medidor XRP-3000, duplo sensor UVA-A e VIS, cabo com adaptador USB resistente a \u00e1gua xcb100 e estojo de transporte xcc-100.<\/p>\n","protected":false},"excerpt":{"rendered":"<p>O medidor port\u00e1til de intensidade de luz AccuMAX XRP-3000 \u00e9 preciso, robusto, e vers\u00e1til, e foi desenvolvido especialmente para aplica\u00e7\u00f5es de engenharia no campo dos ensaios n\u00e3o destrutivos, tal como no campo da radiografia industrial, para medi\u00e7\u00e3o do valor da luz nos negatosc\u00f3pios, utilizando o sensor \u201cXS-555L\u201d, que pode medir a intensidade luminosa em cd\/m2, [&hellip;]<\/p>\n","protected":false},"featured_media":3217,"template":"","meta":{"_mi_skip_tracking":false},"product_cat":[46],"product_tag":[],"class_list":["post-3216","product","type-product","status-publish","has-post-thumbnail","hentry","product_cat-medidores-intensidade-luminosa"],"_links":{"self":[{"href":"https:\/\/end.pt\/pt\/wp-json\/wp\/v3\/product\/3216","targetHints":{"allow":["GET"]}}],"collection":[{"href":"https:\/\/end.pt\/pt\/wp-json\/wp\/v3\/product"}],"about":[{"href":"https:\/\/end.pt\/pt\/wp-json\/wp\/v2\/types\/product"}],"version-history":[{"count":2,"href":"https:\/\/end.pt\/pt\/wp-json\/wp\/v3\/product\/3216\/revisions"}],"predecessor-version":[{"id":5084,"href":"https:\/\/end.pt\/pt\/wp-json\/wp\/v3\/product\/3216\/revisions\/5084"}],"wp:featuredmedia":[{"embeddable":true,"href":"https:\/\/end.pt\/pt\/wp-json\/wp\/v2\/media\/3217"}],"wp:attachment":[{"href":"https:\/\/end.pt\/pt\/wp-json\/wp\/v2\/media?parent=3216"}],"wp:term":[{"taxonomy":"product_cat","embeddable":true,"href":"https:\/\/end.pt\/pt\/wp-json\/wp\/v2\/product_cat?post=3216"},{"taxonomy":"product_tag","embeddable":true,"href":"https:\/\/end.pt\/pt\/wp-json\/wp\/v2\/product_tag?post=3216"}],"curies":[{"name":"wp","href":"https:\/\/api.w.org\/{rel}","templated":true}]}}