{"id":3220,"date":"2019-03-30T09:17:33","date_gmt":"2019-03-30T09:17:33","guid":{"rendered":"https:\/\/end.pt\/pt\/?post_type=product&#038;p=3220"},"modified":"2021-05-02T19:18:12","modified_gmt":"2021-05-02T19:18:12","slug":"medidor-de-intensidade-de-luz-branca-lx-101","status":"publish","type":"product","link":"https:\/\/end.pt\/pt\/product\/medidor-de-intensidade-de-luz-branca-lx-101\/","title":{"rendered":"MEDIDOR DE INTENSIDADE DE LUZ BRANCA \u2013 LX-101"},"content":{"rendered":"<p>Medidor port\u00e1til de intensidade de luz branca preciso, leve e econ\u00f3mico, com uma gama de medidas de 0 a 50.000 luxes, em 3 escalas de medi\u00e7\u00e3o. Medidor compacto, robusto, leve e de resposta r\u00e1pida, com ajuste de zero autom\u00e1tico.<\/p>\n","protected":false},"excerpt":{"rendered":"<p>Medidor port\u00e1til de intensidade de luz branca preciso, leve e econ\u00f3mico, com uma gama de medidas de 0 a 50.000 luxes, em 3 escalas de medi\u00e7\u00e3o. Medidor compacto, robusto, leve e de resposta r\u00e1pida, com ajuste de zero autom\u00e1tico.<\/p>\n","protected":false},"featured_media":3221,"template":"","meta":{"_mi_skip_tracking":false},"product_cat":[46],"product_tag":[],"class_list":["post-3220","product","type-product","status-publish","has-post-thumbnail","hentry","product_cat-medidores-intensidade-luminosa"],"_links":{"self":[{"href":"https:\/\/end.pt\/pt\/wp-json\/wp\/v3\/product\/3220","targetHints":{"allow":["GET"]}}],"collection":[{"href":"https:\/\/end.pt\/pt\/wp-json\/wp\/v3\/product"}],"about":[{"href":"https:\/\/end.pt\/pt\/wp-json\/wp\/v2\/types\/product"}],"version-history":[{"count":2,"href":"https:\/\/end.pt\/pt\/wp-json\/wp\/v3\/product\/3220\/revisions"}],"predecessor-version":[{"id":5083,"href":"https:\/\/end.pt\/pt\/wp-json\/wp\/v3\/product\/3220\/revisions\/5083"}],"wp:featuredmedia":[{"embeddable":true,"href":"https:\/\/end.pt\/pt\/wp-json\/wp\/v2\/media\/3221"}],"wp:attachment":[{"href":"https:\/\/end.pt\/pt\/wp-json\/wp\/v2\/media?parent=3220"}],"wp:term":[{"taxonomy":"product_cat","embeddable":true,"href":"https:\/\/end.pt\/pt\/wp-json\/wp\/v2\/product_cat?post=3220"},{"taxonomy":"product_tag","embeddable":true,"href":"https:\/\/end.pt\/pt\/wp-json\/wp\/v2\/product_tag?post=3220"}],"curies":[{"name":"wp","href":"https:\/\/api.w.org\/{rel}","templated":true}]}}