{"id":3226,"date":"2019-03-30T09:19:42","date_gmt":"2019-03-30T09:19:42","guid":{"rendered":"https:\/\/end.pt\/pt\/?post_type=product&#038;p=3226"},"modified":"2021-05-02T19:17:37","modified_gmt":"2021-05-02T19:17:37","slug":"medidor-de-temperatura-por-contacto-tempil-estik-itw","status":"publish","type":"product","link":"https:\/\/end.pt\/pt\/product\/medidor-de-temperatura-por-contacto-tempil-estik-itw\/","title":{"rendered":"MEDIDOR DE TEMPERATURA POR CONTACTO \u2013 Tempil Estik ITW"},"content":{"rendered":"<p>Term\u00f3metro digital por contacto para medi\u00e7\u00e3o de temperaturas em superf\u00edcies polidas ou n\u00e3o polidas. Medidor r\u00e1pido e f\u00e1cil de usar, bastando pressionar o bot\u00e3o I\/O na lateral do equipamento e encostar \u00e0 superf\u00edcie, com a temperatura a ser rapidamente visualizada no display digital localizado no topo da unidade.<\/p>\n","protected":false},"excerpt":{"rendered":"<p>Term\u00f3metro digital por contacto para medi\u00e7\u00e3o de temperaturas em superf\u00edcies polidas ou n\u00e3o polidas. Medidor r\u00e1pido e f\u00e1cil de usar, bastando pressionar o bot\u00e3o I\/O na lateral do equipamento e encostar \u00e0 superf\u00edcie, com a temperatura a ser rapidamente visualizada no display digital localizado no topo da unidade.<\/p>\n","protected":false},"featured_media":3227,"template":"","meta":{"_mi_skip_tracking":false},"product_cat":[47],"product_tag":[],"class_list":["post-3226","product","type-product","status-publish","has-post-thumbnail","hentry","product_cat-medidores-de-temperatura"],"_links":{"self":[{"href":"https:\/\/end.pt\/pt\/wp-json\/wp\/v3\/product\/3226","targetHints":{"allow":["GET"]}}],"collection":[{"href":"https:\/\/end.pt\/pt\/wp-json\/wp\/v3\/product"}],"about":[{"href":"https:\/\/end.pt\/pt\/wp-json\/wp\/v2\/types\/product"}],"version-history":[{"count":3,"href":"https:\/\/end.pt\/pt\/wp-json\/wp\/v3\/product\/3226\/revisions"}],"predecessor-version":[{"id":5081,"href":"https:\/\/end.pt\/pt\/wp-json\/wp\/v3\/product\/3226\/revisions\/5081"}],"wp:featuredmedia":[{"embeddable":true,"href":"https:\/\/end.pt\/pt\/wp-json\/wp\/v2\/media\/3227"}],"wp:attachment":[{"href":"https:\/\/end.pt\/pt\/wp-json\/wp\/v2\/media?parent=3226"}],"wp:term":[{"taxonomy":"product_cat","embeddable":true,"href":"https:\/\/end.pt\/pt\/wp-json\/wp\/v2\/product_cat?post=3226"},{"taxonomy":"product_tag","embeddable":true,"href":"https:\/\/end.pt\/pt\/wp-json\/wp\/v2\/product_tag?post=3226"}],"curies":[{"name":"wp","href":"https:\/\/api.w.org\/{rel}","templated":true}]}}