{"id":3230,"date":"2019-03-30T09:21:03","date_gmt":"2019-03-30T09:21:03","guid":{"rendered":"https:\/\/end.pt\/pt\/?post_type=product&#038;p=3230"},"modified":"2021-05-02T19:17:18","modified_gmt":"2021-05-02T19:17:18","slug":"medidor-de-temperatura-por-infra-vermelhos-tempil-irt16","status":"publish","type":"product","link":"https:\/\/end.pt\/pt\/product\/medidor-de-temperatura-por-infra-vermelhos-tempil-irt16\/","title":{"rendered":"MEDIDOR DE TEMPERATURA POR INFRA-VERMELHOS \u2013 Tempil IRT16"},"content":{"rendered":"<p>Term\u00f3metro digital sem contacto actuando por infravermelhos e com mira laser, para medi\u00e7\u00e3o de temperaturas em superf\u00edcies. Este medidor leve e compacto, \u00e9 f\u00e1cil de usar e foi desenhado para fornecer uma m\u00e1xima precis\u00e3o e consist\u00eancia na medi\u00e7\u00e3o de temperaturas em superf\u00edcies.<\/p>\n","protected":false},"excerpt":{"rendered":"<p>Term\u00f3metro digital sem contacto actuando por infravermelhos e com mira laser, para medi\u00e7\u00e3o de temperaturas em superf\u00edcies. Este medidor leve e compacto, \u00e9 f\u00e1cil de usar e foi desenhado para fornecer uma m\u00e1xima precis\u00e3o e consist\u00eancia na medi\u00e7\u00e3o de temperaturas em superf\u00edcies.<\/p>\n","protected":false},"featured_media":3231,"template":"","meta":{"_mi_skip_tracking":false},"product_cat":[47],"product_tag":[],"class_list":["post-3230","product","type-product","status-publish","has-post-thumbnail","hentry","product_cat-medidores-de-temperatura"],"_links":{"self":[{"href":"https:\/\/end.pt\/pt\/wp-json\/wp\/v3\/product\/3230","targetHints":{"allow":["GET"]}}],"collection":[{"href":"https:\/\/end.pt\/pt\/wp-json\/wp\/v3\/product"}],"about":[{"href":"https:\/\/end.pt\/pt\/wp-json\/wp\/v2\/types\/product"}],"version-history":[{"count":2,"href":"https:\/\/end.pt\/pt\/wp-json\/wp\/v3\/product\/3230\/revisions"}],"predecessor-version":[{"id":5079,"href":"https:\/\/end.pt\/pt\/wp-json\/wp\/v3\/product\/3230\/revisions\/5079"}],"wp:featuredmedia":[{"embeddable":true,"href":"https:\/\/end.pt\/pt\/wp-json\/wp\/v2\/media\/3231"}],"wp:attachment":[{"href":"https:\/\/end.pt\/pt\/wp-json\/wp\/v2\/media?parent=3230"}],"wp:term":[{"taxonomy":"product_cat","embeddable":true,"href":"https:\/\/end.pt\/pt\/wp-json\/wp\/v2\/product_cat?post=3230"},{"taxonomy":"product_tag","embeddable":true,"href":"https:\/\/end.pt\/pt\/wp-json\/wp\/v2\/product_tag?post=3230"}],"curies":[{"name":"wp","href":"https:\/\/api.w.org\/{rel}","templated":true}]}}