{"id":3233,"date":"2019-03-30T09:21:55","date_gmt":"2019-03-30T09:21:55","guid":{"rendered":"https:\/\/end.pt\/pt\/?post_type=product&#038;p=3233"},"modified":"2021-05-02T19:16:48","modified_gmt":"2021-05-02T19:16:48","slug":"lapis-termicos-tempilstick","status":"publish","type":"product","link":"https:\/\/end.pt\/pt\/product\/lapis-termicos-tempilstick\/","title":{"rendered":"L\u00c1PIS T\u00c9RMICOS \u2013 Tempilstick"},"content":{"rendered":"<p>L\u00e1pis para medi\u00e7\u00e3o de temperatura em superf\u00edcies, por derretimento. Um m\u00e9todo econ\u00f3mico e simples para medi\u00e7\u00e3o de temperaturas, sem electr\u00f3nica e calibra\u00e7\u00e3o necess\u00e1ria. Dispon\u00edveis em mais de 100 temperaturas desde 38\u00baC a 1093\u00baC, estes l\u00e1pis s\u00e3o precisos e f\u00e1ceis de usar.<\/p>\n","protected":false},"excerpt":{"rendered":"<p>L\u00e1pis para medi\u00e7\u00e3o de temperatura em superf\u00edcies, por derretimento. Um m\u00e9todo econ\u00f3mico e simples para medi\u00e7\u00e3o de temperaturas, sem electr\u00f3nica e calibra\u00e7\u00e3o necess\u00e1ria. Dispon\u00edveis em mais de 100 temperaturas desde 38\u00baC a 1093\u00baC, estes l\u00e1pis s\u00e3o precisos e f\u00e1ceis de usar.<\/p>\n","protected":false},"featured_media":3234,"template":"","meta":{"_mi_skip_tracking":false},"product_cat":[47],"product_tag":[],"class_list":["post-3233","product","type-product","status-publish","has-post-thumbnail","hentry","product_cat-medidores-de-temperatura"],"_links":{"self":[{"href":"https:\/\/end.pt\/pt\/wp-json\/wp\/v3\/product\/3233","targetHints":{"allow":["GET"]}}],"collection":[{"href":"https:\/\/end.pt\/pt\/wp-json\/wp\/v3\/product"}],"about":[{"href":"https:\/\/end.pt\/pt\/wp-json\/wp\/v2\/types\/product"}],"version-history":[{"count":2,"href":"https:\/\/end.pt\/pt\/wp-json\/wp\/v3\/product\/3233\/revisions"}],"predecessor-version":[{"id":5078,"href":"https:\/\/end.pt\/pt\/wp-json\/wp\/v3\/product\/3233\/revisions\/5078"}],"wp:featuredmedia":[{"embeddable":true,"href":"https:\/\/end.pt\/pt\/wp-json\/wp\/v2\/media\/3234"}],"wp:attachment":[{"href":"https:\/\/end.pt\/pt\/wp-json\/wp\/v2\/media?parent=3233"}],"wp:term":[{"taxonomy":"product_cat","embeddable":true,"href":"https:\/\/end.pt\/pt\/wp-json\/wp\/v2\/product_cat?post=3233"},{"taxonomy":"product_tag","embeddable":true,"href":"https:\/\/end.pt\/pt\/wp-json\/wp\/v2\/product_tag?post=3233"}],"curies":[{"name":"wp","href":"https:\/\/api.w.org\/{rel}","templated":true}]}}