{"id":3236,"date":"2019-03-30T09:23:10","date_gmt":"2019-03-30T09:23:10","guid":{"rendered":"https:\/\/end.pt\/pt\/?post_type=product&#038;p=3236"},"modified":"2021-05-02T19:15:46","modified_gmt":"2021-05-02T19:15:46","slug":"termo-higrometro-opus-20","status":"publish","type":"product","link":"https:\/\/end.pt\/pt\/product\/termo-higrometro-opus-20\/","title":{"rendered":"TERMO-HIGR\u00d3METRO \u2013 OPUS 20"},"content":{"rendered":"<p>Termo-Higr\u00f3metro para monitoriza\u00e7\u00e3o de clima em edif\u00edcios, e controlo de processos de produ\u00e7\u00e3o sens\u00edveis, com data-logger LAN, sensores embutidos e alta precis\u00e3o. O Opus 20 funciona a pilhas, ou via USB. Pode tamb\u00e9m ligar o dispositivo via PoE (Power over Ethernet).<\/p>\n","protected":false},"excerpt":{"rendered":"<p>Termo-Higr\u00f3metro para monitoriza\u00e7\u00e3o de clima em edif\u00edcios, e controlo de processos de produ\u00e7\u00e3o sens\u00edveis, com data-logger LAN, sensores embutidos e alta precis\u00e3o. O Opus 20 funciona a pilhas, ou via USB. Pode tamb\u00e9m ligar o dispositivo via PoE (Power over Ethernet).<\/p>\n","protected":false},"featured_media":3237,"template":"","meta":{"_mi_skip_tracking":false},"product_cat":[48],"product_tag":[],"class_list":["post-3236","product","type-product","status-publish","has-post-thumbnail","hentry","product_cat-termo-higrometros"],"_links":{"self":[{"href":"https:\/\/end.pt\/pt\/wp-json\/wp\/v3\/product\/3236","targetHints":{"allow":["GET"]}}],"collection":[{"href":"https:\/\/end.pt\/pt\/wp-json\/wp\/v3\/product"}],"about":[{"href":"https:\/\/end.pt\/pt\/wp-json\/wp\/v2\/types\/product"}],"version-history":[{"count":3,"href":"https:\/\/end.pt\/pt\/wp-json\/wp\/v3\/product\/3236\/revisions"}],"predecessor-version":[{"id":5077,"href":"https:\/\/end.pt\/pt\/wp-json\/wp\/v3\/product\/3236\/revisions\/5077"}],"wp:featuredmedia":[{"embeddable":true,"href":"https:\/\/end.pt\/pt\/wp-json\/wp\/v2\/media\/3237"}],"wp:attachment":[{"href":"https:\/\/end.pt\/pt\/wp-json\/wp\/v2\/media?parent=3236"}],"wp:term":[{"taxonomy":"product_cat","embeddable":true,"href":"https:\/\/end.pt\/pt\/wp-json\/wp\/v2\/product_cat?post=3236"},{"taxonomy":"product_tag","embeddable":true,"href":"https:\/\/end.pt\/pt\/wp-json\/wp\/v2\/product_tag?post=3236"}],"curies":[{"name":"wp","href":"https:\/\/api.w.org\/{rel}","templated":true}]}}