{"id":3239,"date":"2019-03-30T09:24:24","date_gmt":"2019-03-30T09:24:24","guid":{"rendered":"https:\/\/end.pt\/pt\/?post_type=product&#038;p=3239"},"modified":"2021-05-02T19:15:08","modified_gmt":"2021-05-02T19:15:08","slug":"termo-higrometro-testo-608-h1-testo-608-h2","status":"publish","type":"product","link":"https:\/\/end.pt\/pt\/product\/termo-higrometro-testo-608-h1-testo-608-h2\/","title":{"rendered":"TERMO-HIGR\u00d3METRO \u2013 Testo 608-H1 &#8211; Testo 608-H2"},"content":{"rendered":"<p>Termo-Higr\u00f3metro padr\u00e3o, fi\u00e1vel e econ\u00f3mico para monitoriza\u00e7\u00e3o e medi\u00e7\u00e3o de humidade\/ponto de orvalho\/temperatura de modo ininterrupto. Possui fun\u00e7\u00f5es de c\u00e1lculo do ponto de orvalho td, visualiza\u00e7\u00e3o do max\/min, e monitoriza\u00e7\u00e3o da pilha. O sensor de humidade n\u00e3o \u00e9 afectado pela condensa\u00e7\u00e3o. O modelo 608-H2 possui tamb\u00e9m um alarme LED para sinais exactos quando um valor limite \u00e9 excedido.<\/p>\n","protected":false},"excerpt":{"rendered":"<p>Termo-Higr\u00f3metro padr\u00e3o, fi\u00e1vel e econ\u00f3mico para monitoriza\u00e7\u00e3o e medi\u00e7\u00e3o de humidade\/ponto de orvalho\/temperatura de modo ininterrupto. Possui fun\u00e7\u00f5es de c\u00e1lculo do ponto de orvalho td, visualiza\u00e7\u00e3o do max\/min, e monitoriza\u00e7\u00e3o da pilha. O sensor de humidade n\u00e3o \u00e9 afectado pela condensa\u00e7\u00e3o. O modelo 608-H2 possui tamb\u00e9m um alarme LED para sinais exactos quando um valor [&hellip;]<\/p>\n","protected":false},"featured_media":3240,"template":"","meta":{"_mi_skip_tracking":false},"product_cat":[48],"product_tag":[],"class_list":["post-3239","product","type-product","status-publish","has-post-thumbnail","hentry","product_cat-termo-higrometros"],"_links":{"self":[{"href":"https:\/\/end.pt\/pt\/wp-json\/wp\/v3\/product\/3239","targetHints":{"allow":["GET"]}}],"collection":[{"href":"https:\/\/end.pt\/pt\/wp-json\/wp\/v3\/product"}],"about":[{"href":"https:\/\/end.pt\/pt\/wp-json\/wp\/v2\/types\/product"}],"version-history":[{"count":2,"href":"https:\/\/end.pt\/pt\/wp-json\/wp\/v3\/product\/3239\/revisions"}],"predecessor-version":[{"id":5075,"href":"https:\/\/end.pt\/pt\/wp-json\/wp\/v3\/product\/3239\/revisions\/5075"}],"wp:featuredmedia":[{"embeddable":true,"href":"https:\/\/end.pt\/pt\/wp-json\/wp\/v2\/media\/3240"}],"wp:attachment":[{"href":"https:\/\/end.pt\/pt\/wp-json\/wp\/v2\/media?parent=3239"}],"wp:term":[{"taxonomy":"product_cat","embeddable":true,"href":"https:\/\/end.pt\/pt\/wp-json\/wp\/v2\/product_cat?post=3239"},{"taxonomy":"product_tag","embeddable":true,"href":"https:\/\/end.pt\/pt\/wp-json\/wp\/v2\/product_tag?post=3239"}],"curies":[{"name":"wp","href":"https:\/\/api.w.org\/{rel}","templated":true}]}}