{"id":3295,"date":"2019-03-30T16:47:51","date_gmt":"2019-03-30T16:47:51","guid":{"rendered":"https:\/\/end.pt\/pt\/?post_type=product&#038;p=3295"},"modified":"2021-05-02T19:14:13","modified_gmt":"2021-05-02T19:14:13","slug":"surfix-e","status":"publish","type":"product","link":"https:\/\/end.pt\/pt\/product\/surfix-e\/","title":{"rendered":"Surfix E"},"content":{"rendered":"<p>Medidor de espessura de camadas pequeno com sonda externa firmemente ligada, simples de utilizar, r\u00e1pido e preciso, para medi\u00e7\u00e3o da espessura de tinta em camadas ferrosas e n\u00e3o ferrosas. Com uma grande mem\u00f3ria para valores medidos, fun\u00e7\u00f5es estat\u00edsticas, tr\u00eas procedimentos de calibra\u00e7\u00e3o e transmiss\u00e3o de dados via infravermelhos ou cabo.<br \/>\nAs sondas de medi\u00e7\u00e3o da gama Surfix E t\u00eam um p\u00f3lo de medi\u00e7\u00e3o altamente resistente ao desgaste, feito de metal duro e como tal, uma vida quase ilimitada. Dispon\u00edvel em 3 vers\u00f5es:<\/p>\n<ul>\n<li>\n<h5><span style=\"color: #0000ff;\">Vers\u00e3o Surfix E-F<\/span><\/h5>\n<p>Permite a medi\u00e7\u00e3o n\u00e3o-destrutiva da espessura da camada em ferro e a\u00e7o, num material base ferromagn\u00e9tico, com o m\u00e9todo de medi\u00e7\u00e3o magneto-indutivo, atrav\u00e9s do qual as camadas a medir t\u00eam de ser n\u00e3o-magn\u00e9ticas.<br \/>\nConjunto inclui medidor com sonda, capa de protec\u00e7\u00e3o de borracha, 2 folhas padr\u00e3o, Padr\u00e3o zero (a\u00e7o\/alum\u00ednio), 2 pilhas AAA, software de transfer\u00eancia de dados, manual de funcionamento, certificado do fabricante, mala de transporte.<\/li>\n<li>\n<h5><span style=\"color: #0000ff;\">Vers\u00e3o Surfix E-N<\/span><\/h5>\n<p>Funciona atrav\u00e9s do m\u00e9todo das correntes induzidas e permite a medi\u00e7\u00e3o n\u00e3o destrutiva da espessura da camada em substratos met\u00e1licos n\u00e3o-magn\u00e9ticos, como alum\u00ednio e cobre. As camadas a serem medidas t\u00eam de ser electricamente isoladas, por exemplo: vernizes, esmaltes ou pl\u00e1sticos.<br \/>\nConjunto inclui medidor com sonda, capa de protec\u00e7\u00e3o de borracha, 2 folhas padr\u00e3o, Padr\u00e3o zero (a\u00e7o\/alum\u00ednio), 2 pilhas AAA, software de transfer\u00eancia de dados, manual de funcionamento, certificado do fabricante, mala de transporte.<\/li>\n<li>\n<h5><span style=\"color: #0000ff;\">Vers\u00e3o Surfix E-FN<\/span><\/h5>\n<p>Modelo com maior flexibilidade, que utiliza ambos os m\u00e9todos de medi\u00e7\u00e3o. Os sinais de medi\u00e7\u00e3o s\u00e3o automaticamente avaliados electronicamente e o m\u00e9todo de medi\u00e7\u00e3o correcto \u00e9 automaticamente seleccionado. A espessura da camada correcta \u00e9 indicada, seja em ferro ou metal n\u00e3o ferroso.<br \/>\nConjunto inclui medidor com sonda, capa de protec\u00e7\u00e3o de borracha, 2 folhas padr\u00e3o, Padr\u00e3o zero (a\u00e7o\/alum\u00ednio), 2 pilhas AAA, software de transfer\u00eancia de dados, manual de funcionamento, certificado do fabricante, mala de transporte.<\/li>\n<\/ul>\n","protected":false},"excerpt":{"rendered":"<p>Medidor de espessura de camadas pequeno com sonda externa firmemente ligada, simples de utilizar, r\u00e1pido e preciso, para medi\u00e7\u00e3o da espessura de tinta em camadas ferrosas e n\u00e3o ferrosas. Com uma grande mem\u00f3ria para valores medidos, fun\u00e7\u00f5es estat\u00edsticas, tr\u00eas procedimentos de calibra\u00e7\u00e3o e transmiss\u00e3o de dados via infravermelhos ou cabo. As sondas de medi\u00e7\u00e3o da [&hellip;]<\/p>\n","protected":false},"featured_media":3296,"template":"","meta":{"_mi_skip_tracking":false},"product_cat":[41],"product_tag":[],"class_list":["post-3295","product","type-product","status-publish","has-post-thumbnail","hentry","product_cat-medidores-de-espessuras-de-camadas"],"_links":{"self":[{"href":"https:\/\/end.pt\/pt\/wp-json\/wp\/v3\/product\/3295","targetHints":{"allow":["GET"]}}],"collection":[{"href":"https:\/\/end.pt\/pt\/wp-json\/wp\/v3\/product"}],"about":[{"href":"https:\/\/end.pt\/pt\/wp-json\/wp\/v2\/types\/product"}],"version-history":[{"count":2,"href":"https:\/\/end.pt\/pt\/wp-json\/wp\/v3\/product\/3295\/revisions"}],"predecessor-version":[{"id":5072,"href":"https:\/\/end.pt\/pt\/wp-json\/wp\/v3\/product\/3295\/revisions\/5072"}],"wp:featuredmedia":[{"embeddable":true,"href":"https:\/\/end.pt\/pt\/wp-json\/wp\/v2\/media\/3296"}],"wp:attachment":[{"href":"https:\/\/end.pt\/pt\/wp-json\/wp\/v2\/media?parent=3295"}],"wp:term":[{"taxonomy":"product_cat","embeddable":true,"href":"https:\/\/end.pt\/pt\/wp-json\/wp\/v2\/product_cat?post=3295"},{"taxonomy":"product_tag","embeddable":true,"href":"https:\/\/end.pt\/pt\/wp-json\/wp\/v2\/product_tag?post=3295"}],"curies":[{"name":"wp","href":"https:\/\/api.w.org\/{rel}","templated":true}]}}