{"id":3298,"date":"2019-03-30T16:52:13","date_gmt":"2019-03-30T16:52:13","guid":{"rendered":"https:\/\/end.pt\/pt\/?post_type=product&#038;p=3298"},"modified":"2021-05-02T19:13:55","modified_gmt":"2021-05-02T19:13:55","slug":"surfix-s","status":"publish","type":"product","link":"https:\/\/end.pt\/pt\/product\/surfix-s\/","title":{"rendered":"Surfix S"},"content":{"rendered":"<p>Medidor de espessura de camadas simples, r\u00e1pido e preciso, capaz de trabalhar com v\u00e1rias sondas. Devido \u00e0 vasta selec\u00e7\u00e3o de sondas intercambi\u00e1veis dispon\u00edvel, oferece uma grande gama de aplica\u00e7\u00f5es de medi\u00e7\u00e3o tanto em bases met\u00e1licas ferrosas como n\u00e3o ferrosas.<br \/>\nTodas as sondas possuem um sensor altamente resistente ao desgaste, de uma enorme durabilidade.<br \/>\nPossui mem\u00f3ria para as medi\u00e7\u00f5es, fun\u00e7\u00f5es de estat\u00edstica, transfer\u00eancia de dados por infravermelhos e cinco diferentes m\u00e9todos de calibra\u00e7\u00e3o.<br \/>\nDispon\u00edvel numa vers\u00e3o superior mais avan\u00e7ada \u2013 Surfix Pro S, com fun\u00e7\u00f5es estat\u00edsticas avan\u00e7adas, maior mem\u00f3ria (10.000 medi\u00e7\u00f5es), mem\u00f3ria de calibra\u00e7\u00e3o, e modo de medi\u00e7\u00e3o cont\u00ednua.<br \/>\nDispon\u00edvel tamb\u00e9m numa vers\u00e3o Basic \u2013 mais econ\u00f3mica, sem capacidade de mem\u00f3ria e outras fun\u00e7\u00f5es.<\/p>\n","protected":false},"excerpt":{"rendered":"<p>Medidor de espessura de camadas simples, r\u00e1pido e preciso, capaz de trabalhar com v\u00e1rias sondas. Devido \u00e0 vasta selec\u00e7\u00e3o de sondas intercambi\u00e1veis dispon\u00edvel, oferece uma grande gama de aplica\u00e7\u00f5es de medi\u00e7\u00e3o tanto em bases met\u00e1licas ferrosas como n\u00e3o ferrosas. Todas as sondas possuem um sensor altamente resistente ao desgaste, de uma enorme durabilidade. Possui mem\u00f3ria [&hellip;]<\/p>\n","protected":false},"featured_media":3299,"template":"","meta":{"_mi_skip_tracking":false},"product_cat":[41],"product_tag":[],"class_list":["post-3298","product","type-product","status-publish","has-post-thumbnail","hentry","product_cat-medidores-de-espessuras-de-camadas"],"_links":{"self":[{"href":"https:\/\/end.pt\/pt\/wp-json\/wp\/v3\/product\/3298","targetHints":{"allow":["GET"]}}],"collection":[{"href":"https:\/\/end.pt\/pt\/wp-json\/wp\/v3\/product"}],"about":[{"href":"https:\/\/end.pt\/pt\/wp-json\/wp\/v2\/types\/product"}],"version-history":[{"count":3,"href":"https:\/\/end.pt\/pt\/wp-json\/wp\/v3\/product\/3298\/revisions"}],"predecessor-version":[{"id":5071,"href":"https:\/\/end.pt\/pt\/wp-json\/wp\/v3\/product\/3298\/revisions\/5071"}],"wp:featuredmedia":[{"embeddable":true,"href":"https:\/\/end.pt\/pt\/wp-json\/wp\/v2\/media\/3299"}],"wp:attachment":[{"href":"https:\/\/end.pt\/pt\/wp-json\/wp\/v2\/media?parent=3298"}],"wp:term":[{"taxonomy":"product_cat","embeddable":true,"href":"https:\/\/end.pt\/pt\/wp-json\/wp\/v2\/product_cat?post=3298"},{"taxonomy":"product_tag","embeddable":true,"href":"https:\/\/end.pt\/pt\/wp-json\/wp\/v2\/product_tag?post=3298"}],"curies":[{"name":"wp","href":"https:\/\/api.w.org\/{rel}","templated":true}]}}