{"id":3301,"date":"2019-03-30T16:55:00","date_gmt":"2019-03-30T16:55:00","guid":{"rendered":"https:\/\/end.pt\/pt\/?post_type=product&#038;p=3301"},"modified":"2021-05-02T19:13:21","modified_gmt":"2021-05-02T19:13:21","slug":"sondas-surfix","status":"publish","type":"product","link":"https:\/\/end.pt\/pt\/product\/sondas-surfix\/","title":{"rendered":"Sondas Surfix"},"content":{"rendered":"<p>Grande variedade de sondas de medi\u00e7\u00e3o para os medidores de espessura de camadas Surfix, consoante a camada a medir, material base, espessura, geometria e condi\u00e7\u00e3o da superf\u00edcies.<\/p>\n","protected":false},"excerpt":{"rendered":"<p>Grande variedade de sondas de medi\u00e7\u00e3o para os medidores de espessura de camadas Surfix, consoante a camada a medir, material base, espessura, geometria e condi\u00e7\u00e3o da superf\u00edcies.<\/p>\n","protected":false},"featured_media":3304,"template":"","meta":{"_mi_skip_tracking":false},"product_cat":[41],"product_tag":[],"class_list":["post-3301","product","type-product","status-publish","has-post-thumbnail","hentry","product_cat-medidores-de-espessuras-de-camadas"],"_links":{"self":[{"href":"https:\/\/end.pt\/pt\/wp-json\/wp\/v3\/product\/3301","targetHints":{"allow":["GET"]}}],"collection":[{"href":"https:\/\/end.pt\/pt\/wp-json\/wp\/v3\/product"}],"about":[{"href":"https:\/\/end.pt\/pt\/wp-json\/wp\/v2\/types\/product"}],"version-history":[{"count":2,"href":"https:\/\/end.pt\/pt\/wp-json\/wp\/v3\/product\/3301\/revisions"}],"predecessor-version":[{"id":5069,"href":"https:\/\/end.pt\/pt\/wp-json\/wp\/v3\/product\/3301\/revisions\/5069"}],"wp:featuredmedia":[{"embeddable":true,"href":"https:\/\/end.pt\/pt\/wp-json\/wp\/v2\/media\/3304"}],"wp:attachment":[{"href":"https:\/\/end.pt\/pt\/wp-json\/wp\/v2\/media?parent=3301"}],"wp:term":[{"taxonomy":"product_cat","embeddable":true,"href":"https:\/\/end.pt\/pt\/wp-json\/wp\/v2\/product_cat?post=3301"},{"taxonomy":"product_tag","embeddable":true,"href":"https:\/\/end.pt\/pt\/wp-json\/wp\/v2\/product_tag?post=3301"}],"curies":[{"name":"wp","href":"https:\/\/api.w.org\/{rel}","templated":true}]}}