{"id":3307,"date":"2019-03-30T16:59:59","date_gmt":"2019-03-30T16:59:59","guid":{"rendered":"https:\/\/end.pt\/pt\/?post_type=product&#038;p=3307"},"modified":"2021-05-02T19:12:57","modified_gmt":"2021-05-02T19:12:57","slug":"sonacoat","status":"publish","type":"product","link":"https:\/\/end.pt\/pt\/product\/sonacoat\/","title":{"rendered":"Sonacoat"},"content":{"rendered":"<p>Medidor de espessura de camadas simples, leve, preciso e \u00fatil, numa estrutura robusta de alum\u00ednio capaz de funcionar nos ambientes industriais mais exigentes. Fornece medi\u00e7\u00f5es n\u00e3o destrutivas exactas e r\u00e1pidas da espessura das camadas em diferentes tipos de materiais.<\/p>\n<ul>\n<li><span style=\"color: #0000ff;\"><strong>Vers\u00e3o Sonacoat P<\/strong><\/span><br \/>\nO Sonacoat P fornece medi\u00e7\u00f5es r\u00e1pidas e precisas da espessura de camadas em a\u00e7o e metais n\u00e3o ferrosos, sem danificar a superf\u00edcie, bastando posicionar a sonda e a selec\u00e7\u00e3o \u00e9 feita automaticamente. Pode medir n\u00e3o s\u00f3 a espessura de camadas de tinta ou outras camadas, mas tamb\u00e9m obter informa\u00e7\u00e3o valiosa sobre a estrutura da camada como tinta de revestimentos superiores e preenchimentos (quando a espessura medida excede claramente a espessura de tinta padr\u00e3o, isto indica o uso de material de preenchimento para repara\u00e7\u00f5es ou pintura). Ideal para concession\u00e1rios de autom\u00f3veis, pinturas e inspectores.<\/li>\n<li><span style=\"color: #0000ff;\"><strong>Vers\u00e3o Sonacoat Easy F<\/strong><\/span><br \/>\nO Sonacoat Easy F mede a espessura de camadas em a\u00e7o at\u00e9 1.4mm. Ideal para camadas de tinta ou p\u00f3, oficinas de pintura, constru\u00e7\u00e3o autom\u00f3vel e naval (p.e. verifica\u00e7\u00e3o de camadas de zinco debaixo da pintura).<br \/>\nPossui uma sonda integrada, optimizada para aplica\u00e7\u00f5es simples, fornecendo resultados fi\u00e1veis, com requisitos m\u00ednimos de forma\u00e7\u00e3o ou montagem. Medi\u00e7\u00f5es r\u00e1pidas e muito precisas em superf\u00edcies lisas, irregulares ou curvas.<\/li>\n<li><span style=\"color: #0000ff;\"><strong>Vers\u00e3o Sonacoat Easy FN<\/strong><\/span><br \/>\nO Sonacoat Easy FN mede a espessura de camadas para todos os materiais. Ideal para camadas de tinta ou p\u00f3, oficinas de pintura, constru\u00e7\u00e3o autom\u00f3vel e naval. \u00c9 um medidor inovador de duplo prop\u00f3sito, utilizado para medi\u00e7\u00e3o em a\u00e7o e metais n\u00e3o ferrosos com reconhecimento autom\u00e1tico do substrato, activando o procedimento de medi\u00e7\u00e3o apropriado.<br \/>\nPossui uma sonda integrada, optimizada para aplica\u00e7\u00f5es simples, fornecendo resultados fi\u00e1veis, com requisitos m\u00ednimos de forma\u00e7\u00e3o ou montagem. Medi\u00e7\u00f5es r\u00e1pidas e muito precisas em superf\u00edcies lisas, irregulares ou curvas.<br \/>\nEste modelo mede tamb\u00e9m camadas n\u00e3o condutoras em metais n\u00e3o magn\u00e9ticos com reconhecimento autom\u00e1tico do substrato.<\/li>\n<\/ul>\n","protected":false},"excerpt":{"rendered":"<p>Medidor de espessura de camadas simples, leve, preciso e \u00fatil, numa estrutura robusta de alum\u00ednio capaz de funcionar nos ambientes industriais mais exigentes. Fornece medi\u00e7\u00f5es n\u00e3o destrutivas exactas e r\u00e1pidas da espessura das camadas em diferentes tipos de materiais. Vers\u00e3o Sonacoat P O Sonacoat P fornece medi\u00e7\u00f5es r\u00e1pidas e precisas da espessura de camadas em [&hellip;]<\/p>\n","protected":false},"featured_media":3309,"template":"","meta":{"_mi_skip_tracking":false},"product_cat":[41],"product_tag":[],"class_list":["post-3307","product","type-product","status-publish","has-post-thumbnail","hentry","product_cat-medidores-de-espessuras-de-camadas"],"_links":{"self":[{"href":"https:\/\/end.pt\/pt\/wp-json\/wp\/v3\/product\/3307","targetHints":{"allow":["GET"]}}],"collection":[{"href":"https:\/\/end.pt\/pt\/wp-json\/wp\/v3\/product"}],"about":[{"href":"https:\/\/end.pt\/pt\/wp-json\/wp\/v2\/types\/product"}],"version-history":[{"count":2,"href":"https:\/\/end.pt\/pt\/wp-json\/wp\/v3\/product\/3307\/revisions"}],"predecessor-version":[{"id":5068,"href":"https:\/\/end.pt\/pt\/wp-json\/wp\/v3\/product\/3307\/revisions\/5068"}],"wp:featuredmedia":[{"embeddable":true,"href":"https:\/\/end.pt\/pt\/wp-json\/wp\/v2\/media\/3309"}],"wp:attachment":[{"href":"https:\/\/end.pt\/pt\/wp-json\/wp\/v2\/media?parent=3307"}],"wp:term":[{"taxonomy":"product_cat","embeddable":true,"href":"https:\/\/end.pt\/pt\/wp-json\/wp\/v2\/product_cat?post=3307"},{"taxonomy":"product_tag","embeddable":true,"href":"https:\/\/end.pt\/pt\/wp-json\/wp\/v2\/product_tag?post=3307"}],"curies":[{"name":"wp","href":"https:\/\/api.w.org\/{rel}","templated":true}]}}