{"id":3311,"date":"2019-03-30T17:10:54","date_gmt":"2019-03-30T17:10:54","guid":{"rendered":"https:\/\/end.pt\/pt\/?post_type=product&#038;p=3311"},"modified":"2021-05-02T17:19:35","modified_gmt":"2021-05-02T17:19:35","slug":"sonacoat-iii","status":"publish","type":"product","link":"https:\/\/end.pt\/pt\/product\/sonacoat-iii\/","title":{"rendered":"Sonacoat III"},"content":{"rendered":"<p>O Sonacoat III \u00e9 compacto e leve, com um menu multi funcional, desenhado para medi\u00e7\u00f5es r\u00e1pidas, pr\u00e1ticas e precisas da espessura de camadas, com sondas separadas troc\u00e1veis. Pode ser utilizado para todos os tipos de vernizes, tintas e camadas galvanizadas em ferro e a\u00e7o, bem como verniz, tinta e camadas anodizadas em ferro\/a\u00e7o e metais n\u00e3o ferrosos e em a\u00e7os inoxid\u00e1veis austen\u00edticos.<br \/>\nAdequado tanto para uso em laborat\u00f3rio como em condi\u00e7\u00f5es de trabalho mais dif\u00edceis; a classifica\u00e7\u00e3o IP52 garante protec\u00e7\u00e3o contra poeiras e gotejamentos de \u00e1gua.<br \/>\nUtiliza uma vasta gama de sondas para qualquer tarefa geral ou espec\u00edfica. O processamento de dados \u00e9 r\u00e1pido e simples; sem utilizar cabos, os dados podem ser transferidos para um notebook ou outro equipamento via interface infravermelho.<br \/>\nTr\u00eas modelos dispon\u00edveis:<\/p>\n<ul>\n<li><span style=\"color: #0000ff;\"><strong>Sonacoat III FN 1.5<\/strong><\/span><br \/>\ninclui uma sonda n\u00e3o destac\u00e1vel geral para uso tanto em substratos ferrosos como n\u00e3o ferrosos.<\/li>\n<li><span style=\"color: #0000ff;\"><strong>Sonacoat III S<\/strong><\/span><br \/>\nutiliza sondas destac\u00e1veis, para qualquer requisito necess\u00e1rio.<\/li>\n<li><span style=\"color: #0000ff;\"><strong>Sonacoat III Pro<\/strong><\/span><br \/>\nvers\u00e3o com data logging melhorado (at\u00e9 10.000 leituras) e an\u00e1lise estat\u00edstica.<\/li>\n<\/ul>\n","protected":false},"excerpt":{"rendered":"<p>O Sonacoat III \u00e9 compacto e leve, com um menu multi funcional, desenhado para medi\u00e7\u00f5es r\u00e1pidas, pr\u00e1ticas e precisas da espessura de camadas, com sondas separadas troc\u00e1veis. Pode ser utilizado para todos os tipos de vernizes, tintas e camadas galvanizadas em ferro e a\u00e7o, bem como verniz, tinta e camadas anodizadas em ferro\/a\u00e7o e metais [&hellip;]<\/p>\n","protected":false},"featured_media":3312,"template":"","meta":{"_mi_skip_tracking":false},"product_cat":[41],"product_tag":[],"class_list":["post-3311","product","type-product","status-publish","has-post-thumbnail","hentry","product_cat-medidores-de-espessuras-de-camadas"],"_links":{"self":[{"href":"https:\/\/end.pt\/pt\/wp-json\/wp\/v3\/product\/3311","targetHints":{"allow":["GET"]}}],"collection":[{"href":"https:\/\/end.pt\/pt\/wp-json\/wp\/v3\/product"}],"about":[{"href":"https:\/\/end.pt\/pt\/wp-json\/wp\/v2\/types\/product"}],"version-history":[{"count":2,"href":"https:\/\/end.pt\/pt\/wp-json\/wp\/v3\/product\/3311\/revisions"}],"predecessor-version":[{"id":5067,"href":"https:\/\/end.pt\/pt\/wp-json\/wp\/v3\/product\/3311\/revisions\/5067"}],"wp:featuredmedia":[{"embeddable":true,"href":"https:\/\/end.pt\/pt\/wp-json\/wp\/v2\/media\/3312"}],"wp:attachment":[{"href":"https:\/\/end.pt\/pt\/wp-json\/wp\/v2\/media?parent=3311"}],"wp:term":[{"taxonomy":"product_cat","embeddable":true,"href":"https:\/\/end.pt\/pt\/wp-json\/wp\/v2\/product_cat?post=3311"},{"taxonomy":"product_tag","embeddable":true,"href":"https:\/\/end.pt\/pt\/wp-json\/wp\/v2\/product_tag?post=3311"}],"curies":[{"name":"wp","href":"https:\/\/api.w.org\/{rel}","templated":true}]}}