{"id":3360,"date":"2019-03-31T10:55:19","date_gmt":"2019-03-31T10:55:19","guid":{"rendered":"https:\/\/end.pt\/pt\/?post_type=product&#038;p=3360"},"modified":"2021-05-02T17:18:43","modified_gmt":"2021-05-02T17:18:43","slug":"marcador-de-pontos-pneumatico-stylotube-pn-200","status":"publish","type":"product","link":"https:\/\/end.pt\/pt\/product\/marcador-de-pontos-pneumatico-stylotube-pn-200\/","title":{"rendered":"Marcador de Pontos Pneum\u00e1tico StyloTube PN.200"},"content":{"rendered":"<p>O Markal Stylotube RS.PN200 \u00e9 um marcador autom\u00e1tico com ponta de esfera de metal, para aplica\u00e7\u00f5es de marca\u00e7\u00e3o de alto volume de pontos em linhas de montagem. Desenhado para f\u00e1cil instala\u00e7\u00e3o num processo automatizado, o sistema de marca\u00e7\u00e3o m\u00e3os livres pressurizado permite a m\u00e1xima utiliza\u00e7\u00e3o dos cartuchos de recarga RS.2000.<\/p>\n<ul>\n<li>Sistema de marca\u00e7\u00e3o totalmente automatizado permite pintura em cont\u00ednuo em superf\u00edcies horizontais ou verticais.<\/li>\n<li>Necessita fornecimento de ar comprimido 3 a 4 PSI (0.2 a 0.3 BAR)<\/li>\n<li>Equipamento pneum\u00e1tico melhora a produtividade face a produtos de marca\u00e7\u00e3o manual.<\/li>\n<li>Sistema pressurizado garante m\u00e1xima utiliza\u00e7\u00e3o dos cartuchos de recarga.<\/li>\n<li>Suporte\/Pega recarreg\u00e1vel em a\u00e7o inoxid\u00e1vel mant\u00e9m as m\u00e3os e a roupa limpa.<\/li>\n<li>Ponta de esfera em a\u00e7o robusto marca em superf\u00edcies suaves ou rugosas.<\/li>\n<li>Inclui pontas em forma de T para aplica\u00e7\u00f5es que incluem marca\u00e7\u00e3o em linha.<\/li>\n<li>Dispon\u00edvel em 3 tamanhos: 2mm, 3mm e 6mm para marca\u00e7\u00f5es de espessura variada.<\/li>\n<\/ul>\n","protected":false},"excerpt":{"rendered":"<p style=\"text-align: center;\"><a href=\"https:\/\/end.pt\/catalogo\/Marcador de pontos Industrial Pneum\u00e1tico PN.200.pdf\" target=\"_blank\" rel=\"noopener noreferrer\">Download de Catalogo<\/a><\/p>\n<p style=\"text-align: center;\">(precisa do plugin do Acrobat Reader instalado)<\/p>\n","protected":false},"featured_media":3361,"template":"","meta":{"_mi_skip_tracking":false},"product_cat":[50],"product_tag":[],"class_list":["post-3360","product","type-product","status-publish","has-post-thumbnail","hentry","product_cat-marcadores-industriais"],"_links":{"self":[{"href":"https:\/\/end.pt\/pt\/wp-json\/wp\/v3\/product\/3360","targetHints":{"allow":["GET"]}}],"collection":[{"href":"https:\/\/end.pt\/pt\/wp-json\/wp\/v3\/product"}],"about":[{"href":"https:\/\/end.pt\/pt\/wp-json\/wp\/v2\/types\/product"}],"version-history":[{"count":4,"href":"https:\/\/end.pt\/pt\/wp-json\/wp\/v3\/product\/3360\/revisions"}],"predecessor-version":[{"id":5066,"href":"https:\/\/end.pt\/pt\/wp-json\/wp\/v3\/product\/3360\/revisions\/5066"}],"wp:featuredmedia":[{"embeddable":true,"href":"https:\/\/end.pt\/pt\/wp-json\/wp\/v2\/media\/3361"}],"wp:attachment":[{"href":"https:\/\/end.pt\/pt\/wp-json\/wp\/v2\/media?parent=3360"}],"wp:term":[{"taxonomy":"product_cat","embeddable":true,"href":"https:\/\/end.pt\/pt\/wp-json\/wp\/v2\/product_cat?post=3360"},{"taxonomy":"product_tag","embeddable":true,"href":"https:\/\/end.pt\/pt\/wp-json\/wp\/v2\/product_tag?post=3360"}],"curies":[{"name":"wp","href":"https:\/\/api.w.org\/{rel}","templated":true}]}}