{"id":3366,"date":"2019-03-31T13:43:43","date_gmt":"2019-03-31T13:43:43","guid":{"rendered":"https:\/\/end.pt\/pt\/?post_type=product&#038;p=3366"},"modified":"2021-05-02T17:17:31","modified_gmt":"2021-05-02T17:17:31","slug":"marcador-de-pontos-pneumatico-stylotube-pn-200d","status":"publish","type":"product","link":"https:\/\/end.pt\/pt\/product\/marcador-de-pontos-pneumatico-stylotube-pn-200d\/","title":{"rendered":"Marcador de Pontos Pneum\u00e1tico StyloTube PN.200D"},"content":{"rendered":"<p>O Markal Stylotube RS.PN200D \u00e9 um marcador autom\u00e1tico com ponta de esfera de metal, desenhado para aplica\u00e7\u00f5es de marca\u00e7\u00e3o de pontos em linhas de montagem, verticais, acima da cabe\u00e7a ou horizontais. O design compacto de economia de espa\u00e7o, permite uma instala\u00e7\u00e3o mais f\u00e1cil nos processos industriais, e o sistema de marca\u00e7\u00e3o m\u00e3os livres pressurizado permite a m\u00e1xima utiliza\u00e7\u00e3o dos cartuchos de recarga RS.2000.<\/p>\n<ul>\n<li>Sistema de marca\u00e7\u00e3o totalmente automatizado permite pintura em cont\u00ednuo em superf\u00edcies horizontais ou verticais<\/li>\n<li>Design compacto de economia de espa\u00e7o, permite uma instala\u00e7\u00e3o mais f\u00e1cil nos processos industriais<\/li>\n<li>Necessita fornecimento de ar comprimido 3 a 4 PSI (0.2 a 0.3 BAR)<\/li>\n<li>Equipamento pneum\u00e1tico melhora a produtividade face a produtos de marca\u00e7\u00e3o manual<\/li>\n<li>Sistema pressurizado garante m\u00e1xima utiliza\u00e7\u00e3o dos cartuchos de recarga<\/li>\n<li>Suporte\/Pega recarreg\u00e1vel em a\u00e7o inoxid\u00e1vel mant\u00e9m as m\u00e3os e a roupa limpa<\/li>\n<li>Ponta de esfera em a\u00e7o 3mm ou 6mm para marca\u00e7\u00e3o de pontos em superf\u00edcies suaves ou rugosas<\/li>\n<li>Inclui pontas em forma de T para aplica\u00e7\u00f5es que incluem marca\u00e7\u00e3o em linha<\/li>\n<li>Dispon\u00edvel em 3 tamanhos: 2mm, 3mm e 6mm para marca\u00e7\u00f5es de espessura variada.<\/li>\n<\/ul>\n","protected":false},"excerpt":{"rendered":"<p style=\"text-align: center;\"><a href=\"https:\/\/end.pt\/catalogo\/Marcador de pontos Industrial Pneum\u00e1tico PN.200D.pdf\" target=\"_blank\" rel=\"noopener noreferrer\">Download de Catalogo<\/a><\/p>\n<p style=\"text-align: center;\">(precisa do plugin do Acrobat Reader instalado)<\/p>\n","protected":false},"featured_media":3367,"template":"","meta":{"_mi_skip_tracking":false},"product_cat":[50],"product_tag":[],"class_list":["post-3366","product","type-product","status-publish","has-post-thumbnail","hentry","product_cat-marcadores-industriais"],"_links":{"self":[{"href":"https:\/\/end.pt\/pt\/wp-json\/wp\/v3\/product\/3366","targetHints":{"allow":["GET"]}}],"collection":[{"href":"https:\/\/end.pt\/pt\/wp-json\/wp\/v3\/product"}],"about":[{"href":"https:\/\/end.pt\/pt\/wp-json\/wp\/v2\/types\/product"}],"version-history":[{"count":2,"href":"https:\/\/end.pt\/pt\/wp-json\/wp\/v3\/product\/3366\/revisions"}],"predecessor-version":[{"id":5065,"href":"https:\/\/end.pt\/pt\/wp-json\/wp\/v3\/product\/3366\/revisions\/5065"}],"wp:featuredmedia":[{"embeddable":true,"href":"https:\/\/end.pt\/pt\/wp-json\/wp\/v2\/media\/3367"}],"wp:attachment":[{"href":"https:\/\/end.pt\/pt\/wp-json\/wp\/v2\/media?parent=3366"}],"wp:term":[{"taxonomy":"product_cat","embeddable":true,"href":"https:\/\/end.pt\/pt\/wp-json\/wp\/v2\/product_cat?post=3366"},{"taxonomy":"product_tag","embeddable":true,"href":"https:\/\/end.pt\/pt\/wp-json\/wp\/v2\/product_tag?post=3366"}],"curies":[{"name":"wp","href":"https:\/\/api.w.org\/{rel}","templated":true}]}}