{"id":3370,"date":"2019-03-31T17:01:33","date_gmt":"2019-03-31T17:01:33","guid":{"rendered":"https:\/\/end.pt\/pt\/?post_type=product&#038;p=3370"},"modified":"2021-05-02T17:17:00","modified_gmt":"2021-05-02T17:17:00","slug":"marcador-industrial-fm-120","status":"publish","type":"product","link":"https:\/\/end.pt\/pt\/product\/marcador-industrial-fm-120\/","title":{"rendered":"Marcador Industrial FM.120"},"content":{"rendered":"<p>Marcador baseado em cera em stick, que funciona em todas as condi\u00e7\u00f5es atmosf\u00e9ricas. As marca\u00e7\u00f5es s\u00e3o resistentes \u00e0s condi\u00e7\u00f5es atmosf\u00e9ricas e ao desvanecimento, para uma visibilidade de longa dura\u00e7\u00e3o.<\/p>\n<ul>\n<li>Marca\u00e7\u00f5es em superf\u00edcies rugosas e dif\u00edceis, tais como bet\u00e3o, madeira, a\u00e7o e cart\u00e3o.<\/li>\n<li>Desenhado para marca\u00e7\u00f5es resistentes \u00e0s condi\u00e7\u00f5es atmosf\u00e9ricas, e ao desvanecimento, para marca\u00e7\u00e3o em superf\u00edcies no interior e exterior.<\/li>\n<li>F\u00f3rmula suave permite uma marca\u00e7\u00e3o superior em climas frios.<\/li>\n<li>Dispon\u00edvel em 6 cores brilhantes para identifica\u00e7\u00e3o instant\u00e2nea.<\/li>\n<li>Fornecidos n\u00e3o afiados.<\/li>\n<li>Gama de temperaturas de marca\u00e7\u00e3o: -20\u00baC a 50\u00baC<\/li>\n<\/ul>\n","protected":false},"excerpt":{"rendered":"<p style=\"text-align: center;\"><a href=\"https:\/\/end.pt\/catalogo\/Marcador Industrial em cera FM.120.pdf\" target=\"_blank\" rel=\"noopener noreferrer\">Download de Catalogo<\/a><\/p>\n<p style=\"text-align: center;\">(precisa do plugin do Acrobat Reader instalado)<\/p>\n","protected":false},"featured_media":3371,"template":"","meta":{"_mi_skip_tracking":false},"product_cat":[50],"product_tag":[],"class_list":["post-3370","product","type-product","status-publish","has-post-thumbnail","hentry","product_cat-marcadores-industriais"],"_links":{"self":[{"href":"https:\/\/end.pt\/pt\/wp-json\/wp\/v3\/product\/3370","targetHints":{"allow":["GET"]}}],"collection":[{"href":"https:\/\/end.pt\/pt\/wp-json\/wp\/v3\/product"}],"about":[{"href":"https:\/\/end.pt\/pt\/wp-json\/wp\/v2\/types\/product"}],"version-history":[{"count":2,"href":"https:\/\/end.pt\/pt\/wp-json\/wp\/v3\/product\/3370\/revisions"}],"predecessor-version":[{"id":5064,"href":"https:\/\/end.pt\/pt\/wp-json\/wp\/v3\/product\/3370\/revisions\/5064"}],"wp:featuredmedia":[{"embeddable":true,"href":"https:\/\/end.pt\/pt\/wp-json\/wp\/v2\/media\/3371"}],"wp:attachment":[{"href":"https:\/\/end.pt\/pt\/wp-json\/wp\/v2\/media?parent=3370"}],"wp:term":[{"taxonomy":"product_cat","embeddable":true,"href":"https:\/\/end.pt\/pt\/wp-json\/wp\/v2\/product_cat?post=3370"},{"taxonomy":"product_tag","embeddable":true,"href":"https:\/\/end.pt\/pt\/wp-json\/wp\/v2\/product_tag?post=3370"}],"curies":[{"name":"wp","href":"https:\/\/api.w.org\/{rel}","templated":true}]}}