{"id":3379,"date":"2019-03-31T17:09:56","date_gmt":"2019-03-31T17:09:56","guid":{"rendered":"https:\/\/end.pt\/pt\/?post_type=product&#038;p=3379"},"modified":"2021-05-02T17:16:30","modified_gmt":"2021-05-02T17:16:30","slug":"marcador-industrial-fm-400","status":"publish","type":"product","link":"https:\/\/end.pt\/pt\/product\/marcador-industrial-fm-400\/","title":{"rendered":"Marcador Industrial FM.400"},"content":{"rendered":"<p>Marcador de giz em stick rectangular, para marca\u00e7\u00f5es claras e vivas, resistentes a altas temperaturas (at\u00e9 2.000 \u00baC) em diferentes superf\u00edcies, sem contaminar as soldaduras.<\/p>\n<p>Marcador dispon\u00edvel em embalagens de 50 ou 1.000 unidades.<\/p>\n<ul>\n<li>Marca\u00e7\u00f5es vis\u00edveis atrav\u00e9s do visor do soldador, para f\u00e1cil identifica\u00e7\u00e3o e trabalho.<\/li>\n<li>Alta resist\u00eancia ao calor, marca\u00e7\u00f5es vis\u00edveis durante o processo de soldadura.<\/li>\n<li>Design rectangular impede quedas por rolamento.<\/li>\n<li>As marca\u00e7\u00f5es n\u00e3o ir\u00e3o contaminar as soldaduras ou danificar a superf\u00edcie do material.<\/li>\n<li>Marca\u00e7\u00f5es tempor\u00e1rias podem ser facilmente removidas.<\/li>\n<li>Dimens\u00f5es do marcador 100 x 10 x10 mm<\/li>\n<\/ul>\n","protected":false},"excerpt":{"rendered":"<p style=\"text-align: center;\"><a href=\"https:\/\/end.pt\/catalogo\/Marcador Industrial em giz resistente a altas temperaturas FM.400.pdf\" target=\"_blank\" rel=\"noopener noreferrer\">Download de Catalogo<\/a><\/p>\n<p style=\"text-align: center;\">(precisa do plugin do Acrobat Reader instalado)<\/p>\n","protected":false},"featured_media":3380,"template":"","meta":{"_mi_skip_tracking":false},"product_cat":[50],"product_tag":[],"class_list":["post-3379","product","type-product","status-publish","has-post-thumbnail","hentry","product_cat-marcadores-industriais"],"_links":{"self":[{"href":"https:\/\/end.pt\/pt\/wp-json\/wp\/v3\/product\/3379","targetHints":{"allow":["GET"]}}],"collection":[{"href":"https:\/\/end.pt\/pt\/wp-json\/wp\/v3\/product"}],"about":[{"href":"https:\/\/end.pt\/pt\/wp-json\/wp\/v2\/types\/product"}],"version-history":[{"count":3,"href":"https:\/\/end.pt\/pt\/wp-json\/wp\/v3\/product\/3379\/revisions"}],"predecessor-version":[{"id":5063,"href":"https:\/\/end.pt\/pt\/wp-json\/wp\/v3\/product\/3379\/revisions\/5063"}],"wp:featuredmedia":[{"embeddable":true,"href":"https:\/\/end.pt\/pt\/wp-json\/wp\/v2\/media\/3380"}],"wp:attachment":[{"href":"https:\/\/end.pt\/pt\/wp-json\/wp\/v2\/media?parent=3379"}],"wp:term":[{"taxonomy":"product_cat","embeddable":true,"href":"https:\/\/end.pt\/pt\/wp-json\/wp\/v2\/product_cat?post=3379"},{"taxonomy":"product_tag","embeddable":true,"href":"https:\/\/end.pt\/pt\/wp-json\/wp\/v2\/product_tag?post=3379"}],"curies":[{"name":"wp","href":"https:\/\/api.w.org\/{rel}","templated":true}]}}