{"id":3384,"date":"2019-03-31T21:08:59","date_gmt":"2019-03-31T21:08:59","guid":{"rendered":"https:\/\/end.pt\/pt\/?post_type=product&#038;p=3384"},"modified":"2021-05-02T17:15:57","modified_gmt":"2021-05-02T17:15:57","slug":"marcador-industrial-lacquer-stik","status":"publish","type":"product","link":"https:\/\/end.pt\/pt\/product\/marcador-industrial-lacquer-stik\/","title":{"rendered":"Marcador Industrial Lacquer-STIK"},"content":{"rendered":"<p>O Lacquer-STIK \u00e9 um marcador de pintura s\u00f3lida em stick, desenhado especialmente para preencher ou colorir linhas e escritos gravados ou estampados.<\/p>\n<p>Marcador com tamanho de marca\u00e7\u00e3o de 9.5mm (3\/8\u201d), dispon\u00edvel em embalagens de 12 ou 144 unidades, com as seguintes cores:<\/p>\n<ul>\n<li>Tinta para real\u00e7ar e preenchimento, garante cores e marca\u00e7\u00f5es vis\u00edveis e n\u00edtidas at\u00e9 nas grava\u00e7\u00f5es mais pequenas<\/li>\n<li>Esfrega e limpa facilmente, seca rapidamente<\/li>\n<li>A tinta permanece flex\u00edvel, expande-se e contrai-se com a superf\u00edcie, para marca\u00e7\u00e3o de cor duradoura<\/li>\n<li>Sem sujidade ou desperd\u00edcio, elimina pingos de tinta<\/li>\n<li>Resist\u00eancia de temperatura das marca\u00e7\u00f5es: at\u00e9 260\u00baC<\/li>\n<li>Em conformidade com as normas internacionais<\/li>\n<\/ul>\n","protected":false},"excerpt":{"rendered":"<p style=\"text-align: center;\"><a href=\"https:\/\/end.pt\/catalogo\/Marcador Industrial Lacquer-STIK.pdf\" target=\"_blank\" rel=\"noopener noreferrer\">Download de Catalogo<\/a><\/p>\n<p style=\"text-align: center;\">(precisa do plugin do Acrobat Reader instalado)<\/p>\n","protected":false},"featured_media":3387,"template":"","meta":{"_mi_skip_tracking":false},"product_cat":[50],"product_tag":[],"class_list":["post-3384","product","type-product","status-publish","has-post-thumbnail","hentry","product_cat-marcadores-industriais"],"_links":{"self":[{"href":"https:\/\/end.pt\/pt\/wp-json\/wp\/v3\/product\/3384","targetHints":{"allow":["GET"]}}],"collection":[{"href":"https:\/\/end.pt\/pt\/wp-json\/wp\/v3\/product"}],"about":[{"href":"https:\/\/end.pt\/pt\/wp-json\/wp\/v2\/types\/product"}],"version-history":[{"count":2,"href":"https:\/\/end.pt\/pt\/wp-json\/wp\/v3\/product\/3384\/revisions"}],"predecessor-version":[{"id":5062,"href":"https:\/\/end.pt\/pt\/wp-json\/wp\/v3\/product\/3384\/revisions\/5062"}],"wp:featuredmedia":[{"embeddable":true,"href":"https:\/\/end.pt\/pt\/wp-json\/wp\/v2\/media\/3387"}],"wp:attachment":[{"href":"https:\/\/end.pt\/pt\/wp-json\/wp\/v2\/media?parent=3384"}],"wp:term":[{"taxonomy":"product_cat","embeddable":true,"href":"https:\/\/end.pt\/pt\/wp-json\/wp\/v2\/product_cat?post=3384"},{"taxonomy":"product_tag","embeddable":true,"href":"https:\/\/end.pt\/pt\/wp-json\/wp\/v2\/product_tag?post=3384"}],"curies":[{"name":"wp","href":"https:\/\/api.w.org\/{rel}","templated":true}]}}