{"id":3389,"date":"2019-03-31T21:12:34","date_gmt":"2019-03-31T21:12:34","guid":{"rendered":"https:\/\/end.pt\/pt\/?post_type=product&#038;p=3389"},"modified":"2021-05-02T17:15:16","modified_gmt":"2021-05-02T17:15:16","slug":"marcador-industrial-b-paintstik","status":"publish","type":"product","link":"https:\/\/end.pt\/pt\/product\/marcador-industrial-b-paintstik\/","title":{"rendered":"Marcador Industrial B Paintstik"},"content":{"rendered":"<p>O marcador Markal mais vers\u00e1til e econ\u00f3mico, o marcador de tinta s\u00f3lida B Paintstik, combina a durabilidade da tina com a conveni\u00eancia de um stick. A f\u00f3rmula da tinta tem um desempenho de marca\u00e7\u00e3o superior em superf\u00edcies oleosas, geladas, molhadas, secas ou frias, e \u00e9 resistente a condi\u00e7\u00f5es meteorol\u00f3gicas e UVs. Este marcador funciona em superf\u00edcies rugosas, enferrujadas, lisas ou sujas.<\/p>\n<p>Marcador com 3 tamanhos de marca\u00e7\u00e3o standard (17mm), fino (9.5mm) e king (25.4mm), dispon\u00edvel em embalagens de 12 ou 144 unidades, com as seguintes cores:<\/p>\n<ul>\n<li>Tinta real para marca\u00e7\u00f5es altamente vis\u00edveis e de longa dura\u00e7\u00e3o.<\/li>\n<li>Marca\u00e7\u00e3o superior em superf\u00edcies rugosas, enferrujadas ou sujas<\/li>\n<li>Marca\u00e7\u00e3o de tinta s\u00f3lida elimina a necessidade de pontas de substitui\u00e7\u00e3o, afias, e \u201cpriming\u201d, aumentando a produtividade.<\/li>\n<li>F\u00e1cil de usar e segurar, o papel de embrulho recicl\u00e1vel protege o Paintstik para m\u00e1ximo uso.<\/li>\n<li>Resistente a condi\u00e7\u00f5es meteorol\u00f3gicas e UVs, para marca\u00e7\u00f5es de longa dura\u00e7\u00e3o.<\/li>\n<li>Dispon\u00edvel em 3 tamanhos de marca\u00e7\u00e3o: standard (17mm), fino (9.5mm) e king (25.4mm)<\/li>\n<li>Gama de temperaturas de marca\u00e7\u00e3o: -46\u00baC a 66\u00baC<\/li>\n<\/ul>\n","protected":false},"excerpt":{"rendered":"<p style=\"text-align: center;\"><a href=\"https:\/\/end.pt\/catalogo\/Marcador Industrial PAINTSTIK B.pdf\" target=\"_blank\" rel=\"noopener noreferrer\">Download de Catalogo<\/a><\/p>\n<p style=\"text-align: center;\">(precisa do plugin do Acrobat Reader instalado)<\/p>\n","protected":false},"featured_media":3392,"template":"","meta":{"_mi_skip_tracking":false},"product_cat":[50],"product_tag":[],"class_list":["post-3389","product","type-product","status-publish","has-post-thumbnail","hentry","product_cat-marcadores-industriais"],"_links":{"self":[{"href":"https:\/\/end.pt\/pt\/wp-json\/wp\/v3\/product\/3389","targetHints":{"allow":["GET"]}}],"collection":[{"href":"https:\/\/end.pt\/pt\/wp-json\/wp\/v3\/product"}],"about":[{"href":"https:\/\/end.pt\/pt\/wp-json\/wp\/v2\/types\/product"}],"version-history":[{"count":2,"href":"https:\/\/end.pt\/pt\/wp-json\/wp\/v3\/product\/3389\/revisions"}],"predecessor-version":[{"id":5061,"href":"https:\/\/end.pt\/pt\/wp-json\/wp\/v3\/product\/3389\/revisions\/5061"}],"wp:featuredmedia":[{"embeddable":true,"href":"https:\/\/end.pt\/pt\/wp-json\/wp\/v2\/media\/3392"}],"wp:attachment":[{"href":"https:\/\/end.pt\/pt\/wp-json\/wp\/v2\/media?parent=3389"}],"wp:term":[{"taxonomy":"product_cat","embeddable":true,"href":"https:\/\/end.pt\/pt\/wp-json\/wp\/v2\/product_cat?post=3389"},{"taxonomy":"product_tag","embeddable":true,"href":"https:\/\/end.pt\/pt\/wp-json\/wp\/v2\/product_tag?post=3389"}],"curies":[{"name":"wp","href":"https:\/\/api.w.org\/{rel}","templated":true}]}}