{"id":3427,"date":"2019-04-06T20:28:16","date_gmt":"2019-04-06T20:28:16","guid":{"rendered":"https:\/\/end.pt\/pt\/?post_type=product&#038;p=3427"},"modified":"2021-05-02T17:10:38","modified_gmt":"2021-05-02T17:10:38","slug":"marcador-industrial-pro-line-hp","status":"publish","type":"product","link":"https:\/\/end.pt\/pt\/product\/marcador-industrial-pro-line-hp\/","title":{"rendered":"Marcador Industrial PRO-LINE HP"},"content":{"rendered":"<p>O marcador industrial PRO-LINE HP, \u00e9 um marcador de tinta l\u00edquida desenvolvido para marca\u00e7\u00e3o com desempenho superior em superf\u00edcies oleosas e gordurosas. A tinta de alto desempenho penetra atrav\u00e9s dos \u00f3leos e gorduras, para secar rapidamente e deixar uma marca\u00e7\u00e3o n\u00edtida, resistente ao tempo e desgaste.<\/p>\n<p>Marcador com tamanho de marca\u00e7\u00e3o de 3mm, dispon\u00edvel em embalagens de 12 ou 48 unidades, com as seguintes cores:<\/p>\n<ul>\n<li>F\u00f3rmula de tinta \u00fanica resiste ao espalhamento e seca rapidamente atrav\u00e9s de superf\u00edcies oleosas, para deixar marca\u00e7\u00f5es precisas e permanentes.<\/li>\n<li>Tinta sem Xileno, reduz os riscos para os utilizadores e entra em conformidade com v\u00e1rias normas de sa\u00fade internacionais.<\/li>\n<li>Estrutura de metal e ponta resistente reduzem rupturas e quebras, aumentando a vida dos marcadores.<\/li>\n<li>Tampa com clip, f\u00e1cil de prender e guardar<\/li>\n<li>Para aplica\u00e7\u00f5es de baixo corros\u00e3o (baixos cloretos\/halog\u00e9neos), existe o mesmo marcador, mas em vers\u00e3o \u201cPRO-LINE HP \u2013 cores baixa corros\u00e3o\u201d<\/li>\n<li>Gama de temperaturas de marca\u00e7\u00e3o: -46\u00baC a 66\u00baC<\/li>\n<\/ul>\n","protected":false},"excerpt":{"rendered":"<p style=\"text-align: center;\"><a href=\"https:\/\/end.pt\/catalogo\/Marcador Industrial PRO-LINE HP.pdf\" target=\"_blank\" rel=\"noopener noreferrer\">Download de Catalogo<\/a><\/p>\n<p style=\"text-align: center;\">(precisa do plugin do Acrobat Reader instalado)<\/p>\n","protected":false},"featured_media":3430,"template":"","meta":{"_mi_skip_tracking":false},"product_cat":[50],"product_tag":[],"class_list":["post-3427","product","type-product","status-publish","has-post-thumbnail","hentry","product_cat-marcadores-industriais"],"_links":{"self":[{"href":"https:\/\/end.pt\/pt\/wp-json\/wp\/v3\/product\/3427","targetHints":{"allow":["GET"]}}],"collection":[{"href":"https:\/\/end.pt\/pt\/wp-json\/wp\/v3\/product"}],"about":[{"href":"https:\/\/end.pt\/pt\/wp-json\/wp\/v2\/types\/product"}],"version-history":[{"count":2,"href":"https:\/\/end.pt\/pt\/wp-json\/wp\/v3\/product\/3427\/revisions"}],"predecessor-version":[{"id":5053,"href":"https:\/\/end.pt\/pt\/wp-json\/wp\/v3\/product\/3427\/revisions\/5053"}],"wp:featuredmedia":[{"embeddable":true,"href":"https:\/\/end.pt\/pt\/wp-json\/wp\/v2\/media\/3430"}],"wp:attachment":[{"href":"https:\/\/end.pt\/pt\/wp-json\/wp\/v2\/media?parent=3427"}],"wp:term":[{"taxonomy":"product_cat","embeddable":true,"href":"https:\/\/end.pt\/pt\/wp-json\/wp\/v2\/product_cat?post=3427"},{"taxonomy":"product_tag","embeddable":true,"href":"https:\/\/end.pt\/pt\/wp-json\/wp\/v2\/product_tag?post=3427"}],"curies":[{"name":"wp","href":"https:\/\/api.w.org\/{rel}","templated":true}]}}